{"id":22,"date":"2012-04-12T04:01:26","date_gmt":"2012-04-12T02:01:26","guid":{"rendered":"https:\/\/www.mathez-onsite-logistics.com\/lettre-d-information\/"},"modified":"2025-06-24T13:39:26","modified_gmt":"2025-06-24T11:39:26","slug":"instructions","status":"publish","type":"page","link":"https:\/\/www.mathez-onsite-logistics.com\/fr\/tfwa\/instructions\/","title":{"rendered":"Instructions Transport &#038; Logistique pour le TFWA WE&#038;C \u00e0 Cannes [sc name=\"tfwa-year-fr\"][\/sc]"},"content":{"rendered":"\t\t<div data-elementor-type=\"wp-page\" data-elementor-id=\"22\" class=\"elementor elementor-22\" data-elementor-post-type=\"page\">\n\t\t\t\t\t\t<section class=\"elementor-section elementor-top-section elementor-element elementor-element-987fcfe elementor-section-boxed elementor-section-height-default elementor-section-height-default\" data-id=\"987fcfe\" data-element_type=\"section\">\n\t\t\t\t\t\t<div class=\"elementor-container elementor-column-gap-default\">\n\t\t\t\t\t<div class=\"elementor-column elementor-col-100 elementor-top-column elementor-element elementor-element-7ad1d3b3\" data-id=\"7ad1d3b3\" data-element_type=\"column\">\n\t\t\t<div class=\"elementor-widget-wrap elementor-element-populated\">\n\t\t\t\t\t\t<div class=\"elementor-element elementor-element-27102a8 elementor-blockquote--skin-clean elementor-blockquote--button-color-official elementor-widget elementor-widget-blockquote\" data-id=\"27102a8\" data-element_type=\"widget\" data-widget_type=\"blockquote.default\">\n\t\t\t\t<div class=\"elementor-widget-container\">\n\t\t\t\t\t\t\t<blockquote class=\"elementor-blockquote\">\n\t\t\t<p class=\"elementor-blockquote__content\">\n\t\t\t\tTransports, douane et logistique du TFWA WE&amp;C \u00e0 Cannes 2026: t\u00e9l\u00e9chargez les documents ci-dessous pour assurer une logistique impeccable lors de votre \u00e9v\u00e9nement \"Tax Free\". \t\t\t<\/p>\n\t\t\t\t\t<\/blockquote>\n\t\t\t\t\t\t<\/div>\n\t\t\t\t<\/div>\n\t\t\t\t\t<\/div>\n\t\t<\/div>\n\t\t\t\t\t<\/div>\n\t\t<\/section>\n\t\t\t\t<section class=\"elementor-section elementor-top-section elementor-element elementor-element-8b32f9e elementor-section-boxed elementor-section-height-default elementor-section-height-default\" data-id=\"8b32f9e\" data-element_type=\"section\">\n\t\t\t\t\t\t<div class=\"elementor-container elementor-column-gap-wider\">\n\t\t\t\t\t<div class=\"elementor-column elementor-col-50 elementor-top-column elementor-element elementor-element-3e70c22\" data-id=\"3e70c22\" data-element_type=\"column\">\n\t\t\t<div class=\"elementor-widget-wrap elementor-element-populated\">\n\t\t\t\t\t\t<div class=\"elementor-element elementor-element-f9f21ea elementor-widget elementor-widget-text-editor\" data-id=\"f9f21ea\" data-element_type=\"widget\" data-widget_type=\"text-editor.default\">\n\t\t\t\t<div class=\"elementor-widget-container\">\n\t\t\t\t\t\t\t\t\t<h2 style=\"text-align: center;\">Manuel complet Transport &amp; Logistique\u00a0<br \/>TFWA WE&amp;C 2026 (<a href=\"https:\/\/www.mathez-onsite-logistics.com\/wp-content\/uploads\/tfwa-shipping-manual-2026-en.pdf\" target=\"_blank\" rel=\"noopener\"><span style=\"text-decoration: underline;\">PDF<\/span>,<\/a> 15 pages en anglais)<\/h2>\t\t\t\t\t\t\t\t<\/div>\n\t\t\t\t<\/div>\n\t\t\t\t<div class=\"elementor-element elementor-element-8cc1fd1 elementor-widget elementor-widget-embedpress_pdf\" data-id=\"8cc1fd1\" data-element_type=\"widget\" data-widget_type=\"embedpress_pdf.default\">\n\t\t\t\t<div class=\"elementor-widget-container\">\n\t\t\t\t\t    <div class=\"embedpress-document-embed ep-doc-8396b976e38d6f61fc3d114565e69ebe ose-document emebedpress-unit-px \" data-thememode=\"default\" data-customcolor=\"\" data-toolbar=\"yes\" data-toolbar-position=\"bottom\" data-open=\"no\" data-presentation-mode=\"yes\" data-download=\"yes\" data-copy=\"yes\" data-add-image=\"yes\" data-rotate=\"\" data-details=\"\" data-id=\"embedpress-pdf-8cc1fd1\" data-selection-tool=\"0\" data-scrolling=\"0\" data-spreads=\"-1\" style=\" max-width:100%; display: inline-block\">\n\n        \n                <div >\n\n                    <div id=\"ep-elementor-content-8cc1fd1\" class=\"ep-elementor-content  ep-fixed-width   ep-content-protection-disabled\">\n                        <div id=\"8cc1fd1\" class=\"ep-embed-content-wraper\">\n                            <div><iframe title=\"tfwa-shipping-manual-2026-en\" class=\"embedpress-embed-document-pdf embedpress-pdf-8cc1fd1\" style=\"width: 550px!important;height: 740px;; max-width:100%; display: inline-block\" src=\"https:\/\/www.mathez-onsite-logistics.com\/wp-admin\/admin-ajax.php?action=get_viewer&#038;file=https%3A%2F%2Fwww.mathez-onsite-logistics.com%2Fwp-content%2Fuploads%2Ftfwa-shipping-manual-2026-en.pdf&#038;scrolling=0&#038;selection_tool=0&#038;spreads=-1#key=dGhlbWVNb2RlPWRlZmF1bHQmdG9vbGJhcj10cnVlJnBvc2l0aW9uPWJvdHRvbSZwcmVzZW50YXRpb249dHJ1ZSZsYXp5TG9hZD1mYWxzZSZkb3dubG9hZD15ZXMmY29weV90ZXh0PXllcyZhZGRfdGV4dD1mYWxzZSZkcmF3PSZhZGRfaW1hZ2U9dHJ1ZSZwZGZfcm90YXRpb249ZmFsc2UmcGRmX2RldGFpbHM9ZmFsc2Umem9vbV9pbj10cnVlJnpvb21fb3V0PXRydWUmZml0X3ZpZXc9dHJ1ZSZib29rbWFyaz10cnVlJnNvdW5kPXRydWUmZmxpcGJvb2tfdG9vbGJhcl9wb3NpdGlvbj1ib3R0b20mc2VsZWN0aW9uX3Rvb2w9MCZzY3JvbGxpbmc9MCZzcHJlYWRzPS0xJmlzX3Byb19hY3RpdmU9MSZwYWdlTnVtYmVyPTEmd2F0ZXJtYXJrX3RleHQ9JndhdGVybWFya19mb250X3NpemU9NDgmd2F0ZXJtYXJrX2NvbG9yPSUyMzAwMDAwMCZ3YXRlcm1hcmtfb3BhY2l0eT0xNSZ3YXRlcm1hcmtfc3R5bGU9Y2VudGVy&#038;zoom=page-width\" class=\"embedpress-embed-document-pdf embedpress-pdf-8cc1fd1\" data-emid=\"embedpress-pdf-8cc1fd1\" data-embed-type=\"PDF\" frameborder=\"0\"><\/iframe><\/div>                        <\/div>\n\n                    <\/div>\n\n\n                   \n                <\/div>\n            \n    <\/div>\n\n\t\t\t\t<\/div>\n\t\t\t\t<\/div>\n\t\t\t\t\t<\/div>\n\t\t<\/div>\n\t\t\t\t<div class=\"elementor-column elementor-col-50 elementor-top-column elementor-element elementor-element-64b796b\" data-id=\"64b796b\" data-element_type=\"column\">\n\t\t\t<div class=\"elementor-widget-wrap elementor-element-populated\">\n\t\t\t\t\t\t<div class=\"elementor-element elementor-element-7fc7d26 elementor-widget elementor-widget-text-editor\" data-id=\"7fc7d26\" data-element_type=\"widget\" data-widget_type=\"text-editor.default\">\n\t\t\t\t<div class=\"elementor-widget-container\">\n\t\t\t\t\t\t\t\t\t<h2 style=\"text-align: center;\">Memo Transport &amp; Logistique <br \/>TFWA WE&amp;C 2026 (<strong><a href=\"https:\/\/www.mathez-onsite-logistics.com\/wp-content\/uploads\/tfwa-shipping-memo-2026-fr.pdf\" target=\"_blank\" rel=\"noopener\"><span style=\"text-decoration: underline;\">PDF<\/span><\/a><\/strong>, 1 page en fran\u00e7ais)<\/h2>\t\t\t\t\t\t\t\t<\/div>\n\t\t\t\t<\/div>\n\t\t\t\t<div class=\"elementor-element elementor-element-f6b1ce8 elementor-widget elementor-widget-embedpress_pdf\" data-id=\"f6b1ce8\" data-element_type=\"widget\" data-widget_type=\"embedpress_pdf.default\">\n\t\t\t\t<div class=\"elementor-widget-container\">\n\t\t\t\t\t    <div class=\"embedpress-document-embed ep-doc-cc0f6e3b524bba6a9e9ff94303255620 ose-document emebedpress-unit-px \" data-thememode=\"default\" data-customcolor=\"\" data-toolbar=\"yes\" data-toolbar-position=\"bottom\" data-open=\"no\" data-presentation-mode=\"yes\" data-download=\"yes\" data-copy=\"yes\" data-add-image=\"yes\" data-rotate=\"\" data-details=\"\" data-id=\"embedpress-pdf-f6b1ce8\" data-selection-tool=\"0\" data-scrolling=\"0\" data-spreads=\"-1\" style=\" max-width:100%; display: inline-block\">\n\n        \n                <div >\n\n                    <div id=\"ep-elementor-content-f6b1ce8\" class=\"ep-elementor-content  ep-fixed-width   ep-content-protection-disabled\">\n                        <div id=\"f6b1ce8\" class=\"ep-embed-content-wraper\">\n                            <div><iframe title=\"tfwa-shipping-memo-2026-fr\" class=\"embedpress-embed-document-pdf embedpress-pdf-f6b1ce8\" style=\"width: 550px!important;height: 740px;; max-width:100%; display: inline-block\" src=\"https:\/\/www.mathez-onsite-logistics.com\/wp-admin\/admin-ajax.php?action=get_viewer&#038;file=https%3A%2F%2Fwww.mathez-onsite-logistics.com%2Fwp-content%2Fuploads%2Ftfwa-shipping-memo-2026-fr.pdf&#038;scrolling=0&#038;selection_tool=0&#038;spreads=-1#key=dGhlbWVNb2RlPWRlZmF1bHQmdG9vbGJhcj10cnVlJnBvc2l0aW9uPWJvdHRvbSZwcmVzZW50YXRpb249dHJ1ZSZsYXp5TG9hZD1mYWxzZSZkb3dubG9hZD15ZXMmY29weV90ZXh0PXllcyZhZGRfdGV4dD1mYWxzZSZkcmF3PSZhZGRfaW1hZ2U9dHJ1ZSZwZGZfcm90YXRpb249ZmFsc2UmcGRmX2RldGFpbHM9ZmFsc2Umem9vbV9pbj10cnVlJnpvb21fb3V0PXRydWUmZml0X3ZpZXc9dHJ1ZSZib29rbWFyaz10cnVlJnNvdW5kPXRydWUmZmxpcGJvb2tfdG9vbGJhcl9wb3NpdGlvbj1ib3R0b20mc2VsZWN0aW9uX3Rvb2w9MCZzY3JvbGxpbmc9MCZzcHJlYWRzPS0xJmlzX3Byb19hY3RpdmU9MSZwYWdlTnVtYmVyPTEmd2F0ZXJtYXJrX3RleHQ9JndhdGVybWFya19mb250X3NpemU9NDgmd2F0ZXJtYXJrX2NvbG9yPSUyMzAwMDAwMCZ3YXRlcm1hcmtfb3BhY2l0eT0xNSZ3YXRlcm1hcmtfc3R5bGU9Y2VudGVy&#038;zoom=page-width\" class=\"embedpress-embed-document-pdf embedpress-pdf-f6b1ce8\" data-emid=\"embedpress-pdf-f6b1ce8\" data-embed-type=\"PDF\" frameborder=\"0\"><\/iframe><\/div>                        <\/div>\n\n                    <\/div>\n\n\n                   \n                <\/div>\n            \n    <\/div>\n\n\t\t\t\t<\/div>\n\t\t\t\t<\/div>\n\t\t\t\t\t<\/div>\n\t\t<\/div>\n\t\t\t\t\t<\/div>\n\t\t<\/section>\n\t\t\t\t<section class=\"elementor-section elementor-top-section elementor-element elementor-element-028b58e elementor-section-boxed elementor-section-height-default elementor-section-height-default\" data-id=\"028b58e\" data-element_type=\"section\">\n\t\t\t\t\t\t<div class=\"elementor-container elementor-column-gap-default\">\n\t\t\t\t\t<div class=\"elementor-column elementor-col-100 elementor-top-column elementor-element elementor-element-57df78f\" data-id=\"57df78f\" data-element_type=\"column\">\n\t\t\t<div class=\"elementor-widget-wrap elementor-element-populated\">\n\t\t\t\t\t\t<div class=\"elementor-element elementor-element-4bf4571 elementor-widget elementor-widget-spacer\" data-id=\"4bf4571\" data-element_type=\"widget\" data-widget_type=\"spacer.default\">\n\t\t\t\t<div class=\"elementor-widget-container\">\n\t\t\t\t\t\t\t<div class=\"elementor-spacer\">\n\t\t\t<div class=\"elementor-spacer-inner\"><\/div>\n\t\t<\/div>\n\t\t\t\t\t\t<\/div>\n\t\t\t\t<\/div>\n\t\t\t\t\t<\/div>\n\t\t<\/div>\n\t\t\t\t\t<\/div>\n\t\t<\/section>\n\t\t\t\t<\/div>\n\t\t","protected":false},"excerpt":{"rendered":"<p>Transports, douane et logistique du TFWA WE&#038;C \u00e0 Cannes : t\u00e9l\u00e9chargez les documents ci-dessous pour assurer une logistique impeccable lors de votre \u00e9v\u00e9nement \u00ab\u00a0Tax Free\u00a0\u00bb. Manuel complet Transport &amp; Logistique\u00a0TFWA WE&amp;C (PDF, 15 pages en anglais) Memo Transport &amp; Logistique TFWA WE&amp;C (PDF, 1 page en fran\u00e7ais)<\/p>\n","protected":false},"author":1,"featured_media":18,"parent":5566,"menu_order":15,"comment_status":"closed","ping_status":"closed","template":"","meta":{"iawp_total_views":89,"footnotes":""},"class_list":["post-22","page","type-page","status-publish","has-post-thumbnail","hentry"],"yoast_head":"<!-- This site is optimized with the Yoast SEO Premium plugin v25.6 (Yoast SEO v25.6) - https:\/\/yoast.com\/wordpress\/plugins\/seo\/ -->\n<title>Instructions Transport &amp; Logistique pour le TFWA WE&amp;C \u00e0 Cannes [sc name=&quot;tfwa-year-fr&quot;][\/sc] - MATHEZ ONSITE LOGISTICS<\/title>\n<meta name=\"robots\" content=\"index, follow, max-snippet:-1, max-image-preview:large, max-video-preview:-1\" \/>\n<link rel=\"canonical\" href=\"https:\/\/www.mathez-onsite-logistics.com\/fr\/tfwa\/instructions\/\" \/>\n<meta property=\"og:locale\" content=\"fr_FR\" \/>\n<meta property=\"og:type\" content=\"article\" \/>\n<meta property=\"og:title\" content=\"Instructions Transport &amp; Logistique pour le TFWA WE&amp;C \u00e0 Cannes [sc name=&quot;tfwa-year-fr&quot;][\/sc]\" \/>\n<meta property=\"og:description\" content=\"Transports, douane et logistique du TFWA WE&#038;C \u00e0 Cannes : t\u00e9l\u00e9chargez les documents ci-dessous pour assurer une logistique impeccable lors de votre \u00e9v\u00e9nement \u00ab\u00a0Tax Free\u00a0\u00bb. Manuel complet Transport &amp; Logistique\u00a0TFWA WE&amp;C (PDF, 15 pages en anglais) Memo Transport &amp; Logistique TFWA WE&amp;C (PDF, 1 page en fran\u00e7ais)\" \/>\n<meta property=\"og:url\" content=\"https:\/\/www.mathez-onsite-logistics.com\/fr\/tfwa\/instructions\/\" \/>\n<meta property=\"og:site_name\" content=\"MATHEZ ONSITE LOGISTICS\" \/>\n<meta property=\"article:publisher\" content=\"https:\/\/www.facebook.com\/MathezFreight\" \/>\n<meta property=\"article:modified_time\" content=\"2025-06-24T11:39:26+00:00\" \/>\n<meta property=\"og:image\" content=\"https:\/\/www.mathez-onsite-logistics.com\/wp-content\/uploads\/2012\/04\/illust-document.jpg\" \/>\n\t<meta property=\"og:image:width\" content=\"425\" \/>\n\t<meta property=\"og:image:height\" content=\"280\" \/>\n\t<meta property=\"og:image:type\" content=\"image\/jpeg\" \/>\n<script type=\"application\/ld+json\" class=\"yoast-schema-graph\">{\"@context\":\"https:\/\/schema.org\",\"@graph\":[{\"@type\":\"WebPage\",\"@id\":\"https:\/\/www.mathez-onsite-logistics.com\/fr\/tfwa\/instructions\/\",\"url\":\"https:\/\/www.mathez-onsite-logistics.com\/fr\/tfwa\/instructions\/\",\"name\":\"Instructions Transport & Logistique pour le TFWA WE&C \u00e0 Cannes [sc name=\\\"tfwa-year-fr\\\"][\/sc] - MATHEZ ONSITE LOGISTICS\",\"isPartOf\":{\"@id\":\"https:\/\/www.mathez-onsite-logistics.com\/fr\/#website\"},\"primaryImageOfPage\":{\"@id\":\"https:\/\/www.mathez-onsite-logistics.com\/fr\/tfwa\/instructions\/#primaryimage\"},\"image\":{\"@id\":\"https:\/\/www.mathez-onsite-logistics.com\/fr\/tfwa\/instructions\/#primaryimage\"},\"thumbnailUrl\":\"https:\/\/www.mathez-onsite-logistics.com\/wp-content\/uploads\/2012\/04\/illust-document.jpg\",\"datePublished\":\"2012-04-12T02:01:26+00:00\",\"dateModified\":\"2025-06-24T11:39:26+00:00\",\"breadcrumb\":{\"@id\":\"https:\/\/www.mathez-onsite-logistics.com\/fr\/tfwa\/instructions\/#breadcrumb\"},\"inLanguage\":\"fr-FR\",\"potentialAction\":[{\"@type\":\"ReadAction\",\"target\":[\"https:\/\/www.mathez-onsite-logistics.com\/fr\/tfwa\/instructions\/\"]}]},{\"@type\":\"ImageObject\",\"inLanguage\":\"fr-FR\",\"@id\":\"https:\/\/www.mathez-onsite-logistics.com\/fr\/tfwa\/instructions\/#primaryimage\",\"url\":\"https:\/\/www.mathez-onsite-logistics.com\/wp-content\/uploads\/2012\/04\/illust-document.jpg\",\"contentUrl\":\"https:\/\/www.mathez-onsite-logistics.com\/wp-content\/uploads\/2012\/04\/illust-document.jpg\",\"width\":425,\"height\":280,\"caption\":\"illust document\"},{\"@type\":\"BreadcrumbList\",\"@id\":\"https:\/\/www.mathez-onsite-logistics.com\/fr\/tfwa\/instructions\/#breadcrumb\",\"itemListElement\":[{\"@type\":\"ListItem\",\"position\":1,\"name\":\"Accueil\",\"item\":\"https:\/\/www.mathez-onsite-logistics.com\/fr\/\"},{\"@type\":\"ListItem\",\"position\":2,\"name\":\"Services MATHEZ ONSITE LOGISTICS sur le TFWA WE&#038;C (&#8220;Tax Free&#8221;) \u00e0 Cannes\",\"item\":\"https:\/\/www.mathez-onsite-logistics.com\/fr\/tfwa\/\"},{\"@type\":\"ListItem\",\"position\":3,\"name\":\"Instructions Transport &#038; Logistique pour le TFWA WE&#038;C \u00e0 Cannes [sc name=\\\"tfwa-year-fr\\\"][\/sc]\"}]},{\"@type\":\"WebSite\",\"@id\":\"https:\/\/www.mathez-onsite-logistics.com\/fr\/#website\",\"url\":\"https:\/\/www.mathez-onsite-logistics.com\/fr\/\",\"name\":\"MATHEZ ONSITE LOGISTICS\",\"description\":\"French Riviera Exhibitions Specialist\",\"publisher\":{\"@id\":\"https:\/\/www.mathez-onsite-logistics.com\/fr\/#organization\"},\"potentialAction\":[{\"@type\":\"SearchAction\",\"target\":{\"@type\":\"EntryPoint\",\"urlTemplate\":\"https:\/\/www.mathez-onsite-logistics.com\/fr\/?s={search_term_string}\"},\"query-input\":{\"@type\":\"PropertyValueSpecification\",\"valueRequired\":true,\"valueName\":\"search_term_string\"}}],\"inLanguage\":\"fr-FR\"},{\"@type\":\"Organization\",\"@id\":\"https:\/\/www.mathez-onsite-logistics.com\/fr\/#organization\",\"name\":\"MATHEZ ONSITE LOGISTICS\",\"url\":\"https:\/\/www.mathez-onsite-logistics.com\/fr\/\",\"logo\":{\"@type\":\"ImageObject\",\"inLanguage\":\"fr-FR\",\"@id\":\"https:\/\/www.mathez-onsite-logistics.com\/fr\/#\/schema\/logo\/image\/\",\"url\":\"https:\/\/www.mathez-onsite-logistics.com\/wp-content\/uploads\/logo-mathez-onsite-logistics-nb-e1632174648591.png\",\"contentUrl\":\"https:\/\/www.mathez-onsite-logistics.com\/wp-content\/uploads\/logo-mathez-onsite-logistics-nb-e1632174648591.png\",\"width\":500,\"height\":155,\"caption\":\"MATHEZ ONSITE LOGISTICS\"},\"image\":{\"@id\":\"https:\/\/www.mathez-onsite-logistics.com\/fr\/#\/schema\/logo\/image\/\"},\"sameAs\":[\"https:\/\/www.facebook.com\/MathezFreight\",\"https:\/\/www.linkedin.com\/company\/mathez-onsite-logistics\/\"]}]}<\/script>\n<!-- \/ Yoast SEO Premium plugin. -->","yoast_head_json":{"title":"Instructions Transport & Logistique pour le TFWA WE&C \u00e0 Cannes [sc name=\"tfwa-year-fr\"][\/sc] - MATHEZ ONSITE LOGISTICS","robots":{"index":"index","follow":"follow","max-snippet":"max-snippet:-1","max-image-preview":"max-image-preview:large","max-video-preview":"max-video-preview:-1"},"canonical":"https:\/\/www.mathez-onsite-logistics.com\/fr\/tfwa\/instructions\/","og_locale":"fr_FR","og_type":"article","og_title":"Instructions Transport & Logistique pour le TFWA WE&C \u00e0 Cannes [sc name=\"tfwa-year-fr\"][\/sc]","og_description":"Transports, douane et logistique du TFWA WE&#038;C \u00e0 Cannes : t\u00e9l\u00e9chargez les documents ci-dessous pour assurer une logistique impeccable lors de votre \u00e9v\u00e9nement \u00ab\u00a0Tax Free\u00a0\u00bb. Manuel complet Transport &amp; Logistique\u00a0TFWA WE&amp;C (PDF, 15 pages en anglais) Memo Transport &amp; Logistique TFWA WE&amp;C (PDF, 1 page en fran\u00e7ais)","og_url":"https:\/\/www.mathez-onsite-logistics.com\/fr\/tfwa\/instructions\/","og_site_name":"MATHEZ ONSITE LOGISTICS","article_publisher":"https:\/\/www.facebook.com\/MathezFreight","article_modified_time":"2025-06-24T11:39:26+00:00","og_image":[{"width":425,"height":280,"url":"https:\/\/www.mathez-onsite-logistics.com\/wp-content\/uploads\/2012\/04\/illust-document.jpg","type":"image\/jpeg"}],"schema":{"@context":"https:\/\/schema.org","@graph":[{"@type":"WebPage","@id":"https:\/\/www.mathez-onsite-logistics.com\/fr\/tfwa\/instructions\/","url":"https:\/\/www.mathez-onsite-logistics.com\/fr\/tfwa\/instructions\/","name":"Instructions Transport & Logistique pour le TFWA WE&C \u00e0 Cannes [sc name=\"tfwa-year-fr\"][\/sc] - MATHEZ ONSITE LOGISTICS","isPartOf":{"@id":"https:\/\/www.mathez-onsite-logistics.com\/fr\/#website"},"primaryImageOfPage":{"@id":"https:\/\/www.mathez-onsite-logistics.com\/fr\/tfwa\/instructions\/#primaryimage"},"image":{"@id":"https:\/\/www.mathez-onsite-logistics.com\/fr\/tfwa\/instructions\/#primaryimage"},"thumbnailUrl":"https:\/\/www.mathez-onsite-logistics.com\/wp-content\/uploads\/2012\/04\/illust-document.jpg","datePublished":"2012-04-12T02:01:26+00:00","dateModified":"2025-06-24T11:39:26+00:00","breadcrumb":{"@id":"https:\/\/www.mathez-onsite-logistics.com\/fr\/tfwa\/instructions\/#breadcrumb"},"inLanguage":"fr-FR","potentialAction":[{"@type":"ReadAction","target":["https:\/\/www.mathez-onsite-logistics.com\/fr\/tfwa\/instructions\/"]}]},{"@type":"ImageObject","inLanguage":"fr-FR","@id":"https:\/\/www.mathez-onsite-logistics.com\/fr\/tfwa\/instructions\/#primaryimage","url":"https:\/\/www.mathez-onsite-logistics.com\/wp-content\/uploads\/2012\/04\/illust-document.jpg","contentUrl":"https:\/\/www.mathez-onsite-logistics.com\/wp-content\/uploads\/2012\/04\/illust-document.jpg","width":425,"height":280,"caption":"illust document"},{"@type":"BreadcrumbList","@id":"https:\/\/www.mathez-onsite-logistics.com\/fr\/tfwa\/instructions\/#breadcrumb","itemListElement":[{"@type":"ListItem","position":1,"name":"Accueil","item":"https:\/\/www.mathez-onsite-logistics.com\/fr\/"},{"@type":"ListItem","position":2,"name":"Services MATHEZ ONSITE LOGISTICS sur le TFWA WE&#038;C (&#8220;Tax Free&#8221;) \u00e0 Cannes","item":"https:\/\/www.mathez-onsite-logistics.com\/fr\/tfwa\/"},{"@type":"ListItem","position":3,"name":"Instructions Transport &#038; Logistique pour le TFWA WE&#038;C \u00e0 Cannes [sc name=\"tfwa-year-fr\"][\/sc]"}]},{"@type":"WebSite","@id":"https:\/\/www.mathez-onsite-logistics.com\/fr\/#website","url":"https:\/\/www.mathez-onsite-logistics.com\/fr\/","name":"MATHEZ ONSITE LOGISTICS","description":"French Riviera Exhibitions Specialist","publisher":{"@id":"https:\/\/www.mathez-onsite-logistics.com\/fr\/#organization"},"potentialAction":[{"@type":"SearchAction","target":{"@type":"EntryPoint","urlTemplate":"https:\/\/www.mathez-onsite-logistics.com\/fr\/?s={search_term_string}"},"query-input":{"@type":"PropertyValueSpecification","valueRequired":true,"valueName":"search_term_string"}}],"inLanguage":"fr-FR"},{"@type":"Organization","@id":"https:\/\/www.mathez-onsite-logistics.com\/fr\/#organization","name":"MATHEZ ONSITE LOGISTICS","url":"https:\/\/www.mathez-onsite-logistics.com\/fr\/","logo":{"@type":"ImageObject","inLanguage":"fr-FR","@id":"https:\/\/www.mathez-onsite-logistics.com\/fr\/#\/schema\/logo\/image\/","url":"https:\/\/www.mathez-onsite-logistics.com\/wp-content\/uploads\/logo-mathez-onsite-logistics-nb-e1632174648591.png","contentUrl":"https:\/\/www.mathez-onsite-logistics.com\/wp-content\/uploads\/logo-mathez-onsite-logistics-nb-e1632174648591.png","width":500,"height":155,"caption":"MATHEZ ONSITE LOGISTICS"},"image":{"@id":"https:\/\/www.mathez-onsite-logistics.com\/fr\/#\/schema\/logo\/image\/"},"sameAs":["https:\/\/www.facebook.com\/MathezFreight","https:\/\/www.linkedin.com\/company\/mathez-onsite-logistics\/"]}]}},"_links":{"self":[{"href":"https:\/\/www.mathez-onsite-logistics.com\/fr\/wp-json\/wp\/v2\/pages\/22","targetHints":{"allow":["GET"]}}],"collection":[{"href":"https:\/\/www.mathez-onsite-logistics.com\/fr\/wp-json\/wp\/v2\/pages"}],"about":[{"href":"https:\/\/www.mathez-onsite-logistics.com\/fr\/wp-json\/wp\/v2\/types\/page"}],"author":[{"embeddable":true,"href":"https:\/\/www.mathez-onsite-logistics.com\/fr\/wp-json\/wp\/v2\/users\/1"}],"replies":[{"embeddable":true,"href":"https:\/\/www.mathez-onsite-logistics.com\/fr\/wp-json\/wp\/v2\/comments?post=22"}],"version-history":[{"count":204,"href":"https:\/\/www.mathez-onsite-logistics.com\/fr\/wp-json\/wp\/v2\/pages\/22\/revisions"}],"predecessor-version":[{"id":9811,"href":"https:\/\/www.mathez-onsite-logistics.com\/fr\/wp-json\/wp\/v2\/pages\/22\/revisions\/9811"}],"up":[{"embeddable":true,"href":"https:\/\/www.mathez-onsite-logistics.com\/fr\/wp-json\/wp\/v2\/pages\/5566"}],"wp:featuredmedia":[{"embeddable":true,"href":"https:\/\/www.mathez-onsite-logistics.com\/fr\/wp-json\/wp\/v2\/media\/18"}],"wp:attachment":[{"href":"https:\/\/www.mathez-onsite-logistics.com\/fr\/wp-json\/wp\/v2\/media?parent=22"}],"curies":[{"name":"wp","href":"https:\/\/api.w.org\/{rel}","templated":true}]}}