{"id":6170,"date":"2021-09-20T15:21:20","date_gmt":"2021-09-20T13:21:20","guid":{"rendered":"https:\/\/www.mathez-onsite-logistics.com\/?page_id=6170"},"modified":"2023-06-08T18:52:51","modified_gmt":"2023-06-08T16:52:51","slug":"acces","status":"publish","type":"page","link":"https:\/\/www.mathez-onsite-logistics.com\/fr\/tfwa\/acces\/","title":{"rendered":"Plans d&rsquo;acc\u00e8s pour la logistique du \u00ab\u00a0Tax Free\u00a0\u00bb (TFWA WE&#038;C)"},"content":{"rendered":"\t\t<div data-elementor-type=\"wp-page\" data-elementor-id=\"6170\" class=\"elementor elementor-6170\" data-elementor-post-type=\"page\">\n\t\t\t\t\t\t<section class=\"elementor-section elementor-top-section elementor-element elementor-element-c458fd4 elementor-section-boxed elementor-section-height-default elementor-section-height-default\" data-id=\"c458fd4\" data-element_type=\"section\" data-e-type=\"section\">\n\t\t\t\t\t\t<div class=\"elementor-container elementor-column-gap-default\">\n\t\t\t\t\t<div class=\"elementor-column elementor-col-100 elementor-top-column elementor-element elementor-element-c6cd4b6\" data-id=\"c6cd4b6\" data-element_type=\"column\" data-e-type=\"column\">\n\t\t\t<div class=\"elementor-widget-wrap elementor-element-populated\">\n\t\t\t\t\t\t<div class=\"elementor-element elementor-element-3315406 elementor-blockquote--skin-clean elementor-widget elementor-widget-blockquote\" data-id=\"3315406\" data-element_type=\"widget\" data-e-type=\"widget\" data-widget_type=\"blockquote.default\">\n\t\t\t\t<div class=\"elementor-widget-container\">\n\t\t\t\t\t\t\t<blockquote class=\"elementor-blockquote\">\n\t\t\t<p class=\"elementor-blockquote__content\">\n\t\t\t\tAfin de faciliter votre arriv\u00e9e sur site et une organisation fluide des op\u00e9rations lors du TFWA WE&amp;C, nous vous fournissons plusieurs points de contact \u00e0 Cannes et au sein du Palais des Festivals.&nbsp;\t\t\t<\/p>\n\t\t\t\t\t<\/blockquote>\n\t\t\t\t\t\t<\/div>\n\t\t\t\t<\/div>\n\t\t\t\t<div class=\"elementor-element elementor-element-60eaa73 elementor-widget elementor-widget-eael-adv-accordion\" data-id=\"60eaa73\" data-element_type=\"widget\" data-e-type=\"widget\" data-widget_type=\"eael-adv-accordion.default\">\n\t\t\t\t<div class=\"elementor-widget-container\">\n\t\t\t\t\t            <div class=\"eael-adv-accordion\" id=\"eael-adv-accordion-60eaa73\" data-scroll-on-click=\"no\" data-scroll-speed=\"300\" data-accordion-id=\"60eaa73\" data-accordion-type=\"accordion\" data-toogle-speed=\"300\">\n            <div class=\"eael-accordion-list\">\n\t\t\t\t\t<div id=\"accs-lentrept-et-au-parking\" class=\"elementor-tab-title eael-accordion-header active-default\" tabindex=\"0\" data-tab=\"1\" aria-controls=\"elementor-tab-content-1011\"><span class=\"eael-advanced-accordion-icon-closed\"><i aria-hidden=\"true\" class=\"fa-accordion-icon fas fa-map-marked-alt\"><\/i><\/span><span class=\"eael-advanced-accordion-icon-opened\"><i aria-hidden=\"true\" class=\"fa-accordion-icon fas fa-minus\"><\/i><\/span><span class=\"eael-accordion-tab-title\">Acc\u00e8s \u00e0 l'entrep\u00f4t et au parking<\/span><\/div><div id=\"elementor-tab-content-1011\" class=\"eael-accordion-content clearfix active-default\" data-tab=\"1\" aria-labelledby=\"accs-lentrept-et-au-parking\"><p><strong>Chauffeurs<\/strong> : <br \/>&#8211; Dirigez-vous vers <strong>l&rsquo;entrep\u00f4t MATHEZ ONSITE LOGISTICS\u00a0 de <\/strong><a href=\"https:\/\/www.google.com\/maps\/dir\/\/43.5510599,7.0145712\" target=\"_blank\" rel=\"noopener\"><strong>la Pantiero \u00e0 Cannes<\/strong><\/a>, <br \/>&#8211; sauf pour les d\u00e9chargements sur site de mat\u00e9riel de stand, qui supposent un transit et un enregistrement\u00a0 via le <a href=\"https:\/\/www.google.com\/maps\/dir\/\/43.5509329,6.962513\" target=\"_blank\" rel=\"noopener\"><strong>parking de la Bocca<\/strong><\/a> imp\u00e9rativement.<\/p><p>Pour <strong>obtenir votre itin\u00e9raire Google Maps <\/strong>vers l&rsquo;entrep\u00f4t MATHEZ ONSITE LOGISTICS de La Pantiero ou vers le parking de La Bocca: cliquez sur l&rsquo;icone orange correspondant <img decoding=\"async\" src=\"https:\/\/www.mathez-onsite-logistics.com\/wp-content\/uploads\/carre-parking.png\" width=\"25\" height=\"25\" \/><img decoding=\"async\" src=\"https:\/\/www.mathez-onsite-logistics.com\/wp-content\/uploads\/carre-entrepot.png\" width=\"25\" height=\"25\" \/>, puis sur la fl\u00e8che rouge <img decoding=\"async\" src=\"https:\/\/www.mathez-onsite-logistics.com\/wp-content\/uploads\/carre-itineraire.png\" width=\"20\" height=\"20\" \/> pour ouvrir l&rsquo;itin\u00e9raire\u00a0dans une nouvelle fen\u00eatre.<\/p><p><iframe style=\"margin-top: 2.5em\" src=\"https:\/\/www.google.com\/maps\/d\/embed?mid=1sD0tEYcFFyvyUnMtnZuX1tigBDZNvgCG\" width=\"640\" height=\"480\"><\/iframe><\/p><\/div>\n\t\t\t\t\t<\/div><div class=\"eael-accordion-list\">\n\t\t\t\t\t<div id=\"plan-des-installations-sur-cannes\" class=\"elementor-tab-title eael-accordion-header active-default\" tabindex=\"0\" data-tab=\"2\" aria-controls=\"elementor-tab-content-1012\"><span class=\"eael-advanced-accordion-icon-closed\"><i aria-hidden=\"true\" class=\"fa-accordion-icon fas fa-map-marked-alt\"><\/i><\/span><span class=\"eael-advanced-accordion-icon-opened\"><i aria-hidden=\"true\" class=\"fa-accordion-icon fas fa-minus\"><\/i><\/span><span class=\"eael-accordion-tab-title\">Plan des installations sur Cannes<\/span><\/div><div id=\"elementor-tab-content-1012\" class=\"eael-accordion-content clearfix active-default\" data-tab=\"2\" aria-labelledby=\"plan-des-installations-sur-cannes\"><img decoding=\"async\" src=\"https:\/\/www.mathez-onsite-logistics.com\/wp-content\/uploads\/2015\/07\/plan-access-parking.jpg\" alt=\"\" \/><\/div>\n\t\t\t\t\t<\/div><div class=\"eael-accordion-list\">\n\t\t\t\t\t<div id=\"zones-de-chargement-et-dchargement-aux-abords-du-palais-des-festivals\" class=\"elementor-tab-title eael-accordion-header active-default\" tabindex=\"0\" data-tab=\"3\" aria-controls=\"elementor-tab-content-1013\"><span class=\"eael-advanced-accordion-icon-closed\"><i aria-hidden=\"true\" class=\"fa-accordion-icon fas fa-truck-loading\"><\/i><\/span><span class=\"eael-advanced-accordion-icon-opened\"><i aria-hidden=\"true\" class=\"fa-accordion-icon fas fa-minus\"><\/i><\/span><span class=\"eael-accordion-tab-title\">Zones de chargement et d\u00e9chargement aux abords du Palais des Festivals<\/span><\/div><div id=\"elementor-tab-content-1013\" class=\"eael-accordion-content clearfix active-default\" data-tab=\"3\" aria-labelledby=\"zones-de-chargement-et-dchargement-aux-abords-du-palais-des-festivals\"><img decoding=\"async\" src=\"https:\/\/www.mathez-onsite-logistics.com\/wp-content\/uploads\/2015\/07\/plan-access-entrepots.jpg\" alt=\"Zones de chargement et d\u00e9chargement aux abords du Palais des Festivals\" \/><\/div>\n\t\t\t\t\t<\/div><div class=\"eael-accordion-list\">\n\t\t\t\t\t<div id=\"points-daccueil-sur-site-villages-jaune-bleu-rouge-et-vert\" class=\"elementor-tab-title eael-accordion-header active-default\" tabindex=\"0\" data-tab=\"4\" aria-controls=\"elementor-tab-content-1014\"><span class=\"eael-advanced-accordion-icon-closed\"><i aria-hidden=\"true\" class=\"fa-accordion-icon far fa-handshake\"><\/i><\/span><span class=\"eael-advanced-accordion-icon-opened\"><i aria-hidden=\"true\" class=\"fa-accordion-icon fas fa-minus\"><\/i><\/span><span class=\"eael-accordion-tab-title\">Points d'accueil sur site - villages jaune, bleu, rouge et vert<\/span><\/div><div id=\"elementor-tab-content-1014\" class=\"eael-accordion-content clearfix active-default\" data-tab=\"4\" aria-labelledby=\"points-daccueil-sur-site-villages-jaune-bleu-rouge-et-vert\"><p><strong>Point d\u2019accueil MATHEZ ONSITE LOGISTICS : Puits de lumi\u00e8re<\/strong><br \/>Nous mettons \u00e0 votre disposition des <strong>cartons neufs, formulaires et \u00e9tiquettes suppl\u00e9mentaires, mat\u00e9riel d\u2019emballage<\/strong> pour le r\u00e9-emballage de vos produits, \u00e0 <strong>Le Samedi 26 Septembre 2026 ou le Dimanche 27 Septembre 2026<\/strong><strong>.<\/strong><\/p><p><img decoding=\"async\" src=\"https:\/\/www.mathez-onsite-logistics.com\/wp-content\/uploads\/2015\/07\/plan-access-1.jpg\" alt=\"TFWA E&amp;C Logistics &amp; Maps\" \/><\/p><\/div>\n\t\t\t\t\t<\/div><div class=\"eael-accordion-list\">\n\t\t\t\t\t<div id=\"points-daccueil-sur-site-villages-marine-golden-ambassadeurs-et-terrasses-5e-tage\" class=\"elementor-tab-title eael-accordion-header active-default\" tabindex=\"0\" data-tab=\"5\" aria-controls=\"elementor-tab-content-1015\"><span class=\"eael-advanced-accordion-icon-closed\"><i aria-hidden=\"true\" class=\"fa-accordion-icon far fa-handshake\"><\/i><\/span><span class=\"eael-advanced-accordion-icon-opened\"><i aria-hidden=\"true\" class=\"fa-accordion-icon fas fa-minus\"><\/i><\/span><span class=\"eael-accordion-tab-title\">Points d'accueil sur site - villages Marine, Golden, Ambassadeurs et Terrasses 5e \u00e9tage<\/span><\/div><div id=\"elementor-tab-content-1015\" class=\"eael-accordion-content clearfix active-default\" data-tab=\"5\" aria-labelledby=\"points-daccueil-sur-site-villages-marine-golden-ambassadeurs-et-terrasses-5e-tage\"><p><strong>Point d\u2019accueil MATHEZ ONSITE LOGISTICS : Puits de lumi\u00e8re<\/strong><br \/>Nous mettons \u00e0 votre disposition des <strong>cartons neufs, formulaires et \u00e9tiquettes suppl\u00e9mentaires, mat\u00e9riel d\u2019emballage<\/strong> pour le r\u00e9-emballage de vos produits, <strong>Le Samedi 26 Septembre 2026 ou le Dimanche 27 Septembre 2026<\/strong><\/p><p><img decoding=\"async\" src=\"https:\/\/www.mathez-onsite-logistics.com\/wp-content\/uploads\/2015\/07\/plan-access-2.jpg\" alt=\"TFWA E&amp;C Logistics &amp; Maps\" \/><\/p><\/div>\n\t\t\t\t\t<\/div><div class=\"eael-accordion-list\">\n\t\t\t\t\t<div id=\"points-daccueil-sur-site-villages-riviera-mediterrane-rotonde-lerins-et-bay\" class=\"elementor-tab-title eael-accordion-header active-default\" tabindex=\"0\" data-tab=\"6\" aria-controls=\"elementor-tab-content-1016\"><span class=\"eael-advanced-accordion-icon-closed\"><i aria-hidden=\"true\" class=\"fa-accordion-icon far fa-handshake\"><\/i><\/span><span class=\"eael-advanced-accordion-icon-opened\"><i aria-hidden=\"true\" class=\"fa-accordion-icon fas fa-minus\"><\/i><\/span><span class=\"eael-accordion-tab-title\">Points d'accueil sur site - villages Riviera, Mediterran\u00e9e, Rotonde, Lerins et Bay<\/span><\/div><div id=\"elementor-tab-content-1016\" class=\"eael-accordion-content clearfix active-default\" data-tab=\"6\" aria-labelledby=\"points-daccueil-sur-site-villages-riviera-mediterrane-rotonde-lerins-et-bay\"><p><strong>Point d\u2019accueil MATHEZ ONSITE LOGISTICS : Point Info Riviera Villages<\/strong><br \/>Nous mettons \u00e0 votre disposition des <strong>cartons neufs, formulaires et \u00e9tiquettes suppl\u00e9mentaires, mat\u00e9riel d\u2019emballage<\/strong> pour le r\u00e9-emballage de vos produits, <strong>Le Samedi 26 Septembre 2026 ou le Dimanche 27 Septembre 2026<\/strong><\/p><p><img decoding=\"async\" src=\"https:\/\/www.mathez-onsite-logistics.com\/wp-content\/uploads\/2015\/07\/plan-access-3.jpg\" alt=\"TFWA E&amp;C Logistics &amp; Maps\" \/><\/p><\/div>\n\t\t\t\t\t<\/div><\/div>\t\t\t\t<\/div>\n\t\t\t\t<\/div>\n\t\t\t\t\t<\/div>\n\t\t<\/div>\n\t\t\t\t\t<\/div>\n\t\t<\/section>\n\t\t\t\t<section class=\"elementor-section elementor-top-section elementor-element elementor-element-29ee3da6 elementor-section-boxed elementor-section-height-default elementor-section-height-default\" data-id=\"29ee3da6\" data-element_type=\"section\" data-e-type=\"section\">\n\t\t\t\t\t\t<div class=\"elementor-container elementor-column-gap-default\">\n\t\t\t\t\t<div class=\"elementor-column elementor-col-100 elementor-top-column elementor-element elementor-element-9480d80\" data-id=\"9480d80\" data-element_type=\"column\" data-e-type=\"column\">\n\t\t\t<div class=\"elementor-widget-wrap elementor-element-populated\">\n\t\t\t\t\t\t<div class=\"elementor-element elementor-element-612463e elementor-view-stacked elementor-position-inline-end elementor-shape-circle elementor-mobile-position-block-start elementor-widget elementor-widget-icon-box\" data-id=\"612463e\" data-element_type=\"widget\" data-e-type=\"widget\" data-widget_type=\"icon-box.default\">\n\t\t\t\t<div class=\"elementor-widget-container\">\n\t\t\t\t\t\t\t<div class=\"elementor-icon-box-wrapper\">\n\n\t\t\t\t\t\t<div class=\"elementor-icon-box-icon\">\n\t\t\t\t<a href=\"https:\/\/www.mathez-onsite-logistics.com\/fr\/tfwa\/instructions\/\" class=\"elementor-icon\" tabindex=\"-1\" aria-label=\"T\u00e9l\u00e9chargez les instructions TFWA au format PDF\">\n\t\t\t\t<i aria-hidden=\"true\" class=\"fas fa-file-pdf\"><\/i>\t\t\t\t<\/a>\n\t\t\t<\/div>\n\t\t\t\n\t\t\t\t\t\t<div class=\"elementor-icon-box-content\">\n\n\t\t\t\t\t\t\t\t\t<h4 class=\"elementor-icon-box-title\">\n\t\t\t\t\t\t<a href=\"https:\/\/www.mathez-onsite-logistics.com\/fr\/tfwa\/instructions\/\" >\n\t\t\t\t\t\t\tT\u00e9l\u00e9chargez les instructions TFWA au format PDF\t\t\t\t\t\t<\/a>\n\t\t\t\t\t<\/h4>\n\t\t\t\t\n\t\t\t\t\n\t\t\t<\/div>\n\t\t\t\n\t\t<\/div>\n\t\t\t\t\t\t<\/div>\n\t\t\t\t<\/div>\n\t\t\t\t\t<\/div>\n\t\t<\/div>\n\t\t\t\t\t<\/div>\n\t\t<\/section>\n\t\t\t\t<\/div>\n\t\t","protected":false},"excerpt":{"rendered":"<p>Afin de faciliter votre arriv\u00e9e sur site et une organisation fluide des op\u00e9rations lors du TFWA WE&amp;C, nous vous fournissons plusieurs points de contact \u00e0 Cannes et au sein du Palais des Festivals.&nbsp; Acc\u00e8s \u00e0 l&rsquo;entrep\u00f4t et au parking Chauffeurs : &#8211; Dirigez-vous vers l&rsquo;entrep\u00f4t MATHEZ ONSITE LOGISTICS\u00a0 de la Pantiero \u00e0 Cannes, &#8211; sauf [&hellip;]<\/p>\n","protected":false},"author":6,"featured_media":0,"parent":5566,"menu_order":13,"comment_status":"closed","ping_status":"closed","template":"","meta":{"iawp_total_views":38,"footnotes":""},"class_list":["post-6170","page","type-page","status-publish","hentry"],"yoast_head":"<!-- This site is optimized with the Yoast SEO Premium plugin v27.5 (Yoast SEO v27.5) - https:\/\/yoast.com\/product\/yoast-seo-premium-wordpress\/ -->\n<title>Plans d&#039;acc\u00e8s pour la logistique du &quot;Tax Free&quot; (TFWA WE&amp;C) - MATHEZ ONSITE LOGISTICS<\/title>\n<meta name=\"robots\" content=\"index, follow, max-snippet:-1, max-image-preview:large, max-video-preview:-1\" \/>\n<link rel=\"canonical\" href=\"https:\/\/www.mathez-onsite-logistics.com\/fr\/tfwa\/acces\/\" \/>\n<meta property=\"og:locale\" content=\"fr_FR\" \/>\n<meta property=\"og:type\" content=\"article\" \/>\n<meta property=\"og:title\" content=\"Plans d&#039;acc\u00e8s pour la logistique du &quot;Tax Free&quot; (TFWA WE&amp;C)\" \/>\n<meta property=\"og:description\" content=\"Afin de faciliter votre arriv\u00e9e sur site et une organisation fluide des op\u00e9rations lors du TFWA WE&amp;C, nous vous fournissons plusieurs points de contact \u00e0 Cannes et au sein du Palais des Festivals.&nbsp; Acc\u00e8s \u00e0 l&rsquo;entrep\u00f4t et au parking Chauffeurs : &#8211; Dirigez-vous vers l&rsquo;entrep\u00f4t MATHEZ ONSITE LOGISTICS\u00a0 de la Pantiero \u00e0 Cannes, &#8211; sauf [&hellip;]\" \/>\n<meta property=\"og:url\" content=\"https:\/\/www.mathez-onsite-logistics.com\/fr\/tfwa\/acces\/\" \/>\n<meta property=\"og:site_name\" content=\"MATHEZ ONSITE LOGISTICS\" \/>\n<meta property=\"article:publisher\" content=\"https:\/\/www.facebook.com\/MathezFreight\" \/>\n<meta property=\"article:modified_time\" content=\"2023-06-08T16:52:51+00:00\" \/>\n<meta property=\"og:image\" content=\"https:\/\/www.mathez-onsite-logistics.com\/wp-content\/uploads\/carre-parking.png\" \/>\n<script type=\"application\/ld+json\" class=\"yoast-schema-graph\">{\"@context\":\"https:\\\/\\\/schema.org\",\"@graph\":[{\"@type\":\"WebPage\",\"@id\":\"https:\\\/\\\/www.mathez-onsite-logistics.com\\\/fr\\\/tfwa\\\/acces\\\/\",\"url\":\"https:\\\/\\\/www.mathez-onsite-logistics.com\\\/fr\\\/tfwa\\\/acces\\\/\",\"name\":\"Plans d'acc\u00e8s pour la logistique du \\\"Tax Free\\\" (TFWA WE&C) - MATHEZ ONSITE LOGISTICS\",\"isPartOf\":{\"@id\":\"https:\\\/\\\/www.mathez-onsite-logistics.com\\\/fr\\\/#website\"},\"primaryImageOfPage\":{\"@id\":\"https:\\\/\\\/www.mathez-onsite-logistics.com\\\/fr\\\/tfwa\\\/acces\\\/#primaryimage\"},\"image\":{\"@id\":\"https:\\\/\\\/www.mathez-onsite-logistics.com\\\/fr\\\/tfwa\\\/acces\\\/#primaryimage\"},\"thumbnailUrl\":\"https:\\\/\\\/www.mathez-onsite-logistics.com\\\/wp-content\\\/uploads\\\/carre-parking.png\",\"datePublished\":\"2021-09-20T13:21:20+00:00\",\"dateModified\":\"2023-06-08T16:52:51+00:00\",\"breadcrumb\":{\"@id\":\"https:\\\/\\\/www.mathez-onsite-logistics.com\\\/fr\\\/tfwa\\\/acces\\\/#breadcrumb\"},\"inLanguage\":\"fr-FR\",\"potentialAction\":[{\"@type\":\"ReadAction\",\"target\":[\"https:\\\/\\\/www.mathez-onsite-logistics.com\\\/fr\\\/tfwa\\\/acces\\\/\"]}]},{\"@type\":\"ImageObject\",\"inLanguage\":\"fr-FR\",\"@id\":\"https:\\\/\\\/www.mathez-onsite-logistics.com\\\/fr\\\/tfwa\\\/acces\\\/#primaryimage\",\"url\":\"https:\\\/\\\/www.mathez-onsite-logistics.com\\\/wp-content\\\/uploads\\\/carre-parking.png\",\"contentUrl\":\"https:\\\/\\\/www.mathez-onsite-logistics.com\\\/wp-content\\\/uploads\\\/carre-parking.png\"},{\"@type\":\"BreadcrumbList\",\"@id\":\"https:\\\/\\\/www.mathez-onsite-logistics.com\\\/fr\\\/tfwa\\\/acces\\\/#breadcrumb\",\"itemListElement\":[{\"@type\":\"ListItem\",\"position\":1,\"name\":\"Accueil\",\"item\":\"https:\\\/\\\/www.mathez-onsite-logistics.com\\\/fr\\\/\"},{\"@type\":\"ListItem\",\"position\":2,\"name\":\"Plans d&rsquo;acc\u00e8s pour la logistique du \u00ab\u00a0Tax Free\u00a0\u00bb (TFWA WE&#038;C)\"}]},{\"@type\":\"WebSite\",\"@id\":\"https:\\\/\\\/www.mathez-onsite-logistics.com\\\/fr\\\/#website\",\"url\":\"https:\\\/\\\/www.mathez-onsite-logistics.com\\\/fr\\\/\",\"name\":\"MATHEZ ONSITE LOGISTICS\",\"description\":\"French Riviera Exhibitions Specialist\",\"publisher\":{\"@id\":\"https:\\\/\\\/www.mathez-onsite-logistics.com\\\/fr\\\/#organization\"},\"potentialAction\":[{\"@type\":\"SearchAction\",\"target\":{\"@type\":\"EntryPoint\",\"urlTemplate\":\"https:\\\/\\\/www.mathez-onsite-logistics.com\\\/fr\\\/?s={search_term_string}\"},\"query-input\":{\"@type\":\"PropertyValueSpecification\",\"valueRequired\":true,\"valueName\":\"search_term_string\"}}],\"inLanguage\":\"fr-FR\"},{\"@type\":\"Organization\",\"@id\":\"https:\\\/\\\/www.mathez-onsite-logistics.com\\\/fr\\\/#organization\",\"name\":\"MATHEZ ONSITE LOGISTICS\",\"url\":\"https:\\\/\\\/www.mathez-onsite-logistics.com\\\/fr\\\/\",\"logo\":{\"@type\":\"ImageObject\",\"inLanguage\":\"fr-FR\",\"@id\":\"https:\\\/\\\/www.mathez-onsite-logistics.com\\\/fr\\\/#\\\/schema\\\/logo\\\/image\\\/\",\"url\":\"https:\\\/\\\/www.mathez-onsite-logistics.com\\\/wp-content\\\/uploads\\\/logo-mathez-onsite-logistics-nb-e1632174648591.png\",\"contentUrl\":\"https:\\\/\\\/www.mathez-onsite-logistics.com\\\/wp-content\\\/uploads\\\/logo-mathez-onsite-logistics-nb-e1632174648591.png\",\"width\":500,\"height\":155,\"caption\":\"MATHEZ ONSITE LOGISTICS\"},\"image\":{\"@id\":\"https:\\\/\\\/www.mathez-onsite-logistics.com\\\/fr\\\/#\\\/schema\\\/logo\\\/image\\\/\"},\"sameAs\":[\"https:\\\/\\\/www.facebook.com\\\/MathezFreight\",\"https:\\\/\\\/www.linkedin.com\\\/company\\\/mathez-onsite-logistics\\\/\"]}]}<\/script>\n<!-- \/ Yoast SEO Premium plugin. -->","yoast_head_json":{"title":"Plans d'acc\u00e8s pour la logistique du \"Tax Free\" (TFWA WE&C) - MATHEZ ONSITE LOGISTICS","robots":{"index":"index","follow":"follow","max-snippet":"max-snippet:-1","max-image-preview":"max-image-preview:large","max-video-preview":"max-video-preview:-1"},"canonical":"https:\/\/www.mathez-onsite-logistics.com\/fr\/tfwa\/acces\/","og_locale":"fr_FR","og_type":"article","og_title":"Plans d'acc\u00e8s pour la logistique du \"Tax Free\" (TFWA WE&C)","og_description":"Afin de faciliter votre arriv\u00e9e sur site et une organisation fluide des op\u00e9rations lors du TFWA WE&amp;C, nous vous fournissons plusieurs points de contact \u00e0 Cannes et au sein du Palais des Festivals.&nbsp; Acc\u00e8s \u00e0 l&rsquo;entrep\u00f4t et au parking Chauffeurs : &#8211; Dirigez-vous vers l&rsquo;entrep\u00f4t MATHEZ ONSITE LOGISTICS\u00a0 de la Pantiero \u00e0 Cannes, &#8211; sauf [&hellip;]","og_url":"https:\/\/www.mathez-onsite-logistics.com\/fr\/tfwa\/acces\/","og_site_name":"MATHEZ ONSITE LOGISTICS","article_publisher":"https:\/\/www.facebook.com\/MathezFreight","article_modified_time":"2023-06-08T16:52:51+00:00","og_image":[{"url":"https:\/\/www.mathez-onsite-logistics.com\/wp-content\/uploads\/carre-parking.png","type":"","width":"","height":""}],"schema":{"@context":"https:\/\/schema.org","@graph":[{"@type":"WebPage","@id":"https:\/\/www.mathez-onsite-logistics.com\/fr\/tfwa\/acces\/","url":"https:\/\/www.mathez-onsite-logistics.com\/fr\/tfwa\/acces\/","name":"Plans d'acc\u00e8s pour la logistique du \"Tax Free\" (TFWA WE&C) - MATHEZ ONSITE LOGISTICS","isPartOf":{"@id":"https:\/\/www.mathez-onsite-logistics.com\/fr\/#website"},"primaryImageOfPage":{"@id":"https:\/\/www.mathez-onsite-logistics.com\/fr\/tfwa\/acces\/#primaryimage"},"image":{"@id":"https:\/\/www.mathez-onsite-logistics.com\/fr\/tfwa\/acces\/#primaryimage"},"thumbnailUrl":"https:\/\/www.mathez-onsite-logistics.com\/wp-content\/uploads\/carre-parking.png","datePublished":"2021-09-20T13:21:20+00:00","dateModified":"2023-06-08T16:52:51+00:00","breadcrumb":{"@id":"https:\/\/www.mathez-onsite-logistics.com\/fr\/tfwa\/acces\/#breadcrumb"},"inLanguage":"fr-FR","potentialAction":[{"@type":"ReadAction","target":["https:\/\/www.mathez-onsite-logistics.com\/fr\/tfwa\/acces\/"]}]},{"@type":"ImageObject","inLanguage":"fr-FR","@id":"https:\/\/www.mathez-onsite-logistics.com\/fr\/tfwa\/acces\/#primaryimage","url":"https:\/\/www.mathez-onsite-logistics.com\/wp-content\/uploads\/carre-parking.png","contentUrl":"https:\/\/www.mathez-onsite-logistics.com\/wp-content\/uploads\/carre-parking.png"},{"@type":"BreadcrumbList","@id":"https:\/\/www.mathez-onsite-logistics.com\/fr\/tfwa\/acces\/#breadcrumb","itemListElement":[{"@type":"ListItem","position":1,"name":"Accueil","item":"https:\/\/www.mathez-onsite-logistics.com\/fr\/"},{"@type":"ListItem","position":2,"name":"Plans d&rsquo;acc\u00e8s pour la logistique du \u00ab\u00a0Tax Free\u00a0\u00bb (TFWA WE&#038;C)"}]},{"@type":"WebSite","@id":"https:\/\/www.mathez-onsite-logistics.com\/fr\/#website","url":"https:\/\/www.mathez-onsite-logistics.com\/fr\/","name":"MATHEZ ONSITE LOGISTICS","description":"French Riviera Exhibitions Specialist","publisher":{"@id":"https:\/\/www.mathez-onsite-logistics.com\/fr\/#organization"},"potentialAction":[{"@type":"SearchAction","target":{"@type":"EntryPoint","urlTemplate":"https:\/\/www.mathez-onsite-logistics.com\/fr\/?s={search_term_string}"},"query-input":{"@type":"PropertyValueSpecification","valueRequired":true,"valueName":"search_term_string"}}],"inLanguage":"fr-FR"},{"@type":"Organization","@id":"https:\/\/www.mathez-onsite-logistics.com\/fr\/#organization","name":"MATHEZ ONSITE LOGISTICS","url":"https:\/\/www.mathez-onsite-logistics.com\/fr\/","logo":{"@type":"ImageObject","inLanguage":"fr-FR","@id":"https:\/\/www.mathez-onsite-logistics.com\/fr\/#\/schema\/logo\/image\/","url":"https:\/\/www.mathez-onsite-logistics.com\/wp-content\/uploads\/logo-mathez-onsite-logistics-nb-e1632174648591.png","contentUrl":"https:\/\/www.mathez-onsite-logistics.com\/wp-content\/uploads\/logo-mathez-onsite-logistics-nb-e1632174648591.png","width":500,"height":155,"caption":"MATHEZ ONSITE LOGISTICS"},"image":{"@id":"https:\/\/www.mathez-onsite-logistics.com\/fr\/#\/schema\/logo\/image\/"},"sameAs":["https:\/\/www.facebook.com\/MathezFreight","https:\/\/www.linkedin.com\/company\/mathez-onsite-logistics\/"]}]}},"_links":{"self":[{"href":"https:\/\/www.mathez-onsite-logistics.com\/fr\/wp-json\/wp\/v2\/pages\/6170","targetHints":{"allow":["GET"]}}],"collection":[{"href":"https:\/\/www.mathez-onsite-logistics.com\/fr\/wp-json\/wp\/v2\/pages"}],"about":[{"href":"https:\/\/www.mathez-onsite-logistics.com\/fr\/wp-json\/wp\/v2\/types\/page"}],"author":[{"embeddable":true,"href":"https:\/\/www.mathez-onsite-logistics.com\/fr\/wp-json\/wp\/v2\/users\/6"}],"replies":[{"embeddable":true,"href":"https:\/\/www.mathez-onsite-logistics.com\/fr\/wp-json\/wp\/v2\/comments?post=6170"}],"version-history":[{"count":59,"href":"https:\/\/www.mathez-onsite-logistics.com\/fr\/wp-json\/wp\/v2\/pages\/6170\/revisions"}],"predecessor-version":[{"id":10331,"href":"https:\/\/www.mathez-onsite-logistics.com\/fr\/wp-json\/wp\/v2\/pages\/6170\/revisions\/10331"}],"up":[{"embeddable":true,"href":"https:\/\/www.mathez-onsite-logistics.com\/fr\/wp-json\/wp\/v2\/pages\/5566"}],"wp:attachment":[{"href":"https:\/\/www.mathez-onsite-logistics.com\/fr\/wp-json\/wp\/v2\/media?parent=6170"}],"curies":[{"name":"wp","href":"https:\/\/api.w.org\/{rel}","templated":true}]}}