{"id":6336,"date":"2021-09-20T17:22:06","date_gmt":"2021-09-20T15:22:06","guid":{"rendered":"https:\/\/www.mathez-onsite-logistics.com\/?page_id=6336"},"modified":"2026-05-04T16:15:01","modified_gmt":"2026-05-04T14:15:01","slug":"adresses","status":"publish","type":"page","link":"https:\/\/www.mathez-onsite-logistics.com\/fr\/contact\/adresses\/","title":{"rendered":"Nos adresses, t\u00e9l\u00e9phones et e-mails"},"content":{"rendered":"\t\t<div data-elementor-type=\"wp-page\" data-elementor-id=\"6336\" class=\"elementor elementor-6336\" data-elementor-post-type=\"page\">\n\t\t\t\t\t\t<section class=\"elementor-section elementor-top-section elementor-element elementor-element-7145ea8 elementor-section-boxed elementor-section-height-default elementor-section-height-default\" data-id=\"7145ea8\" data-element_type=\"section\" data-e-type=\"section\" id=\"onsite-bar-boutons\">\n\t\t\t\t\t\t<div class=\"elementor-container elementor-column-gap-default\">\n\t\t\t\t\t<div class=\"elementor-column elementor-col-20 elementor-top-column elementor-element elementor-element-0735531\" data-id=\"0735531\" data-element_type=\"column\" data-e-type=\"column\">\n\t\t\t<div class=\"elementor-widget-wrap\">\n\t\t\t\t\t\t\t<\/div>\n\t\t<\/div>\n\t\t\t\t<div class=\"elementor-column elementor-col-20 elementor-top-column elementor-element elementor-element-030f50e\" data-id=\"030f50e\" data-element_type=\"column\" data-e-type=\"column\">\n\t\t\t<div class=\"elementor-widget-wrap elementor-element-populated\">\n\t\t\t\t\t\t<div class=\"elementor-element elementor-element-ae72ee0 elementor-button-info elementor-widget elementor-widget-button\" data-id=\"ae72ee0\" data-element_type=\"widget\" data-e-type=\"widget\" data-widget_type=\"button.default\">\n\t\t\t\t<div class=\"elementor-widget-container\">\n\t\t\t\t\t\t\t\t\t<div class=\"elementor-button-wrapper\">\n\t\t\t\t\t<a class=\"elementor-button elementor-button-link elementor-size-md\" href=\"https:\/\/www.mathez-onsite-logistics.com\/fr\/contact\/\">\n\t\t\t\t\t\t<span class=\"elementor-button-content-wrapper\">\n\t\t\t\t\t\t<span class=\"elementor-button-icon\">\n\t\t\t\t<i aria-hidden=\"true\" class=\"far fa-comments\"><\/i>\t\t\t<\/span>\n\t\t\t\t\t\t\t\t\t<span class=\"elementor-button-text\">CONTACT GENERAL<\/span>\n\t\t\t\t\t<\/span>\n\t\t\t\t\t<\/a>\n\t\t\t\t<\/div>\n\t\t\t\t\t\t\t\t<\/div>\n\t\t\t\t<\/div>\n\t\t\t\t\t<\/div>\n\t\t<\/div>\n\t\t\t\t<div class=\"elementor-column elementor-col-20 elementor-top-column elementor-element elementor-element-c2f2078\" data-id=\"c2f2078\" data-element_type=\"column\" data-e-type=\"column\">\n\t\t\t<div class=\"elementor-widget-wrap elementor-element-populated\">\n\t\t\t\t\t\t<div class=\"elementor-element elementor-element-5174c92 elementor-button-info elementor-widget elementor-widget-button\" data-id=\"5174c92\" data-element_type=\"widget\" data-e-type=\"widget\" data-widget_type=\"button.default\">\n\t\t\t\t<div class=\"elementor-widget-container\">\n\t\t\t\t\t\t\t\t\t<div class=\"elementor-button-wrapper\">\n\t\t\t\t\t<a class=\"elementor-button elementor-button-link elementor-size-md\" href=\"https:\/\/www.mathez-onsite-logistics.com\/fr\/contact\/cotation\/\">\n\t\t\t\t\t\t<span class=\"elementor-button-content-wrapper\">\n\t\t\t\t\t\t<span class=\"elementor-button-icon\">\n\t\t\t\t<i aria-hidden=\"true\" class=\"fas fa-dollar-sign\"><\/i>\t\t\t<\/span>\n\t\t\t\t\t\t\t\t\t<span class=\"elementor-button-text\">COTATION EXPRESS<\/span>\n\t\t\t\t\t<\/span>\n\t\t\t\t\t<\/a>\n\t\t\t\t<\/div>\n\t\t\t\t\t\t\t\t<\/div>\n\t\t\t\t<\/div>\n\t\t\t\t\t<\/div>\n\t\t<\/div>\n\t\t\t\t<div class=\"elementor-column elementor-col-20 elementor-top-column elementor-element elementor-element-bdbd785\" data-id=\"bdbd785\" data-element_type=\"column\" data-e-type=\"column\">\n\t\t\t<div class=\"elementor-widget-wrap elementor-element-populated\">\n\t\t\t\t\t\t<div class=\"elementor-element elementor-element-f8bae42 elementor-button-info elementor-widget elementor-widget-button\" data-id=\"f8bae42\" data-element_type=\"widget\" data-e-type=\"widget\" data-widget_type=\"button.default\">\n\t\t\t\t<div class=\"elementor-widget-container\">\n\t\t\t\t\t\t\t\t\t<div class=\"elementor-button-wrapper\">\n\t\t\t\t\t<a class=\"elementor-button elementor-button-link elementor-size-md\" href=\"https:\/\/www.mathez-onsite-logistics.com\/fr\/tfwa\/booking\/\">\n\t\t\t\t\t\t<span class=\"elementor-button-content-wrapper\">\n\t\t\t\t\t\t<span class=\"elementor-button-icon\">\n\t\t\t\t<i aria-hidden=\"true\" class=\"far fa-calendar-check\"><\/i>\t\t\t<\/span>\n\t\t\t\t\t\t\t\t\t<span class=\"elementor-button-text\">RDV  TFWA WE&amp;C 2026<\/span>\n\t\t\t\t\t<\/span>\n\t\t\t\t\t<\/a>\n\t\t\t\t<\/div>\n\t\t\t\t\t\t\t\t<\/div>\n\t\t\t\t<\/div>\n\t\t\t\t\t<\/div>\n\t\t<\/div>\n\t\t\t\t<div class=\"elementor-column elementor-col-20 elementor-top-column elementor-element elementor-element-53c74c2\" data-id=\"53c74c2\" data-element_type=\"column\" data-e-type=\"column\">\n\t\t\t<div class=\"elementor-widget-wrap elementor-element-populated\">\n\t\t\t\t\t\t<div class=\"elementor-element elementor-element-ba4b4da elementor-button-info elementor-widget elementor-widget-button\" data-id=\"ba4b4da\" data-element_type=\"widget\" data-e-type=\"widget\" data-widget_type=\"button.default\">\n\t\t\t\t<div class=\"elementor-widget-container\">\n\t\t\t\t\t\t\t\t\t<div class=\"elementor-button-wrapper\">\n\t\t\t\t\t<a class=\"elementor-button elementor-button-link elementor-size-md\" href=\"https:\/\/www.mathez-onsite-logistics.com\/fr\/contact\/adresses\/\">\n\t\t\t\t\t\t<span class=\"elementor-button-content-wrapper\">\n\t\t\t\t\t\t<span class=\"elementor-button-icon\">\n\t\t\t\t<i aria-hidden=\"true\" class=\"fas fa-building\"><\/i>\t\t\t<\/span>\n\t\t\t\t\t\t\t\t\t<span class=\"elementor-button-text\">ADRESSE, TEL, MAIL<\/span>\n\t\t\t\t\t<\/span>\n\t\t\t\t\t<\/a>\n\t\t\t\t<\/div>\n\t\t\t\t\t\t\t\t<\/div>\n\t\t\t\t<\/div>\n\t\t\t\t\t<\/div>\n\t\t<\/div>\n\t\t\t\t\t<\/div>\n\t\t<\/section>\n\t\t\t\t<section class=\"elementor-section elementor-top-section elementor-element elementor-element-6884f1e elementor-section-boxed elementor-section-height-default elementor-section-height-default\" data-id=\"6884f1e\" data-element_type=\"section\" data-e-type=\"section\">\n\t\t\t\t\t\t<div class=\"elementor-container elementor-column-gap-default\">\n\t\t\t\t\t<div class=\"elementor-column elementor-col-100 elementor-top-column elementor-element elementor-element-7aaeb9d\" data-id=\"7aaeb9d\" data-element_type=\"column\" data-e-type=\"column\">\n\t\t\t<div class=\"elementor-widget-wrap elementor-element-populated\">\n\t\t\t\t\t\t<div class=\"elementor-element elementor-element-453b353 elementor-blockquote--skin-clean elementor-widget elementor-widget-blockquote\" data-id=\"453b353\" data-element_type=\"widget\" data-e-type=\"widget\" data-widget_type=\"blockquote.default\">\n\t\t\t\t<div class=\"elementor-widget-container\">\n\t\t\t\t\t\t\t<blockquote class=\"elementor-blockquote\">\n\t\t\t<p class=\"elementor-blockquote__content\">\n\t\t\t\tVeuillez trouver ici nos coordonn\u00e9es.\t\t\t<\/p>\n\t\t\t\t\t<\/blockquote>\n\t\t\t\t\t\t<\/div>\n\t\t\t\t<\/div>\n\t\t\t\t\t<\/div>\n\t\t<\/div>\n\t\t\t\t\t<\/div>\n\t\t<\/section>\n\t\t\t\t<section class=\"elementor-section elementor-top-section elementor-element elementor-element-87d4e6e elementor-section-boxed elementor-section-height-default elementor-section-height-default\" data-id=\"87d4e6e\" data-element_type=\"section\" data-e-type=\"section\">\n\t\t\t\t\t\t<div class=\"elementor-container elementor-column-gap-wide\">\n\t\t\t\t\t<div class=\"elementor-column elementor-col-50 elementor-top-column elementor-element elementor-element-759b2a5\" data-id=\"759b2a5\" data-element_type=\"column\" data-e-type=\"column\">\n\t\t\t<div class=\"elementor-widget-wrap elementor-element-populated\">\n\t\t\t\t\t\t<div class=\"elementor-element elementor-element-12e3851 elementor-widget elementor-widget-text-editor\" data-id=\"12e3851\" data-element_type=\"widget\" data-e-type=\"widget\" data-widget_type=\"text-editor.default\">\n\t\t\t\t<div class=\"elementor-widget-container\">\n\t\t\t\t\t\t\t\t\t<p><strong><span class=\"jicons-text\">Nos bureaux:<\/span><\/strong><\/p><ul><li><span class=\"contact-street\"><strong> [Carros] Bureau &amp; entrep\u00f4t:<br \/><\/strong><a href=\"https:\/\/www.google.com\/maps\/place\/MATHEZ+ONSITE+LOGISTICS\/@43.8088071,7.1871239,15z\/data=!4m2!3m1!1s0x0:0xed891369613b0e36?sa=X&amp;ved=2ahUKEwi_0Kq77I3zAhUQQBoKHYbaBkwQ_BJ6BAhSEAU\" target=\"_blank\" rel=\"noopener\">MATHEZ ONSITE LOGISTICS, Le Broc Center, Zone Industrielle de Carros, 1ere Avenue, 06510 Carros, France<\/a><br \/><br \/><\/span><\/li><li><span class=\"contact-street\"><strong>[Cannes] Bureau:<br \/><\/strong><\/span><a href=\"https:\/\/www.google.com\/maps\/place\/MATHEZ+FREIGHT\/@43.5534021,7.0191609,15z\/data=!4m2!3m1!1s0x0:0x7cb576939d480b8a?sa=X&amp;ved=2ahUKEwir7vbh7I3zAhWrzoUKHaC-DxcQ_BJ6BAhZEAU\" target=\"_blank\" rel=\"noopener\">MATHEZ FREIGHT,\u00a015 Rue Du Vingt-Quatre Ao\u00fbt, 06400 Cannes, France<\/a><br \/><br \/><\/li><li><b>[Cannes] Points Infos &amp; Entrep\u00f4ts TFWA: <br \/><\/b><a href=\"https:\/\/www.google.com\/maps\/@43.5511795,7.0144425,18z\" target=\"_blank\" rel=\"noopener\">Entrep\u00f4t MATHEZ ONSITE LOGISTICS La Pantiero, Promenade de la Pantiero, 06200 Cannes<\/a><br \/>Plus d&rsquo;infos:\u00a0<a href=\"https:\/\/www.mathez-onsite-logistics.com\/fr\/tfwa\/acces\/\">voir nos cartes<\/a>.\u00a0<\/li><\/ul>\t\t\t\t\t\t\t\t<\/div>\n\t\t\t\t<\/div>\n\t\t\t\t\t<\/div>\n\t\t<\/div>\n\t\t\t\t<div class=\"elementor-column elementor-col-50 elementor-top-column elementor-element elementor-element-444a1f3\" data-id=\"444a1f3\" data-element_type=\"column\" data-e-type=\"column\">\n\t\t\t<div class=\"elementor-widget-wrap elementor-element-populated\">\n\t\t\t\t\t\t<div class=\"elementor-element elementor-element-873a477 elementor-widget elementor-widget-text-editor\" data-id=\"873a477\" data-element_type=\"widget\" data-e-type=\"widget\" data-widget_type=\"text-editor.default\">\n\t\t\t\t<div class=\"elementor-widget-container\">\n\t\t\t\t\t\t\t\t\t<p><strong>Contacts:<\/strong><\/p><ul><li style=\"font-size: 18px;\"><span style=\"font-weight: bolder;\">Mail g\u00e9n\u00e9ral<\/span>:\u00a0web [@] mathez-onsite-logistics.com<\/li><li><strong>Mail d\u00e9di\u00e9 TFWA WE&amp;C<\/strong>: taxfree [@] mathez-onsite-logistics.com<\/li><li><strong>T\u00e9l\u00e9phone<\/strong>: +<a href=\"tel:33.493298016\">33 (0)4 93 29 80 16<\/a><\/li><li><strong>Site web:<\/strong>\u00a0<a href=\"https:\/\/www.mathez-onsite-logistics.com\" target=\"_blank\" rel=\"noopener\">https:\/\/www.mathez-onsite-logistics.com<\/a><\/li><\/ul>\t\t\t\t\t\t\t\t<\/div>\n\t\t\t\t<\/div>\n\t\t\t\t\t<\/div>\n\t\t<\/div>\n\t\t\t\t\t<\/div>\n\t\t<\/section>\n\t\t\t\t<section class=\"elementor-section elementor-top-section elementor-element elementor-element-3b131e3 elementor-section-boxed elementor-section-height-default elementor-section-height-default\" data-id=\"3b131e3\" data-element_type=\"section\" data-e-type=\"section\">\n\t\t\t\t\t\t<div class=\"elementor-container elementor-column-gap-default\">\n\t\t\t\t\t\t<\/div>\n\t\t<\/section>\n\t\t\t\t<\/div>\n\t\t","protected":false},"excerpt":{"rendered":"<p>CONTACT GENERAL COTATION EXPRESS RDV TFWA WE&amp;C ADRESSE, TEL, MAIL Veuillez trouver ici nos coordonn\u00e9es. Nos bureaux: [Carros] Bureau &amp; entrep\u00f4t:MATHEZ ONSITE LOGISTICS, Le Broc Center, Zone Industrielle de Carros, 1ere Avenue, 06510 Carros, France [Cannes] Bureau:MATHEZ FREIGHT,\u00a015 Rue Du Vingt-Quatre Ao\u00fbt, 06400 Cannes, France [Cannes] Points Infos &amp; Entrep\u00f4ts TFWA: Entrep\u00f4t MATHEZ ONSITE LOGISTICS [&hellip;]<\/p>\n","protected":false},"author":6,"featured_media":0,"parent":868,"menu_order":40,"comment_status":"closed","ping_status":"closed","template":"","meta":{"iawp_total_views":147,"footnotes":""},"class_list":["post-6336","page","type-page","status-publish","hentry"],"yoast_head":"<!-- This site is optimized with the Yoast SEO Premium plugin v27.5 (Yoast SEO v27.5) - https:\/\/yoast.com\/product\/yoast-seo-premium-wordpress\/ -->\n<title>Nos adresses, t\u00e9l\u00e9phones et e-mails - MATHEZ ONSITE LOGISTICS<\/title>\n<meta name=\"robots\" content=\"index, follow, max-snippet:-1, max-image-preview:large, max-video-preview:-1\" \/>\n<link rel=\"canonical\" href=\"https:\/\/www.mathez-onsite-logistics.com\/fr\/contact\/adresses\/\" \/>\n<meta property=\"og:locale\" content=\"fr_FR\" \/>\n<meta property=\"og:type\" content=\"article\" \/>\n<meta property=\"og:title\" content=\"Nos adresses, t\u00e9l\u00e9phones et e-mails\" \/>\n<meta property=\"og:description\" content=\"CONTACT GENERAL COTATION EXPRESS RDV TFWA WE&amp;C ADRESSE, TEL, MAIL Veuillez trouver ici nos coordonn\u00e9es. Nos bureaux: [Carros] Bureau &amp; entrep\u00f4t:MATHEZ ONSITE LOGISTICS, Le Broc Center, Zone Industrielle de Carros, 1ere Avenue, 06510 Carros, France [Cannes] Bureau:MATHEZ FREIGHT,\u00a015 Rue Du Vingt-Quatre Ao\u00fbt, 06400 Cannes, France [Cannes] Points Infos &amp; Entrep\u00f4ts TFWA: Entrep\u00f4t MATHEZ ONSITE LOGISTICS [&hellip;]\" \/>\n<meta property=\"og:url\" content=\"https:\/\/www.mathez-onsite-logistics.com\/fr\/contact\/adresses\/\" \/>\n<meta property=\"og:site_name\" content=\"MATHEZ ONSITE LOGISTICS\" \/>\n<meta property=\"article:publisher\" content=\"https:\/\/www.facebook.com\/MathezFreight\" \/>\n<meta property=\"article:modified_time\" content=\"2026-05-04T14:15:01+00:00\" \/>\n<script type=\"application\/ld+json\" class=\"yoast-schema-graph\">{\"@context\":\"https:\\\/\\\/schema.org\",\"@graph\":[{\"@type\":\"WebPage\",\"@id\":\"https:\\\/\\\/www.mathez-onsite-logistics.com\\\/fr\\\/contact\\\/adresses\\\/\",\"url\":\"https:\\\/\\\/www.mathez-onsite-logistics.com\\\/fr\\\/contact\\\/adresses\\\/\",\"name\":\"Nos adresses, t\u00e9l\u00e9phones et e-mails - MATHEZ ONSITE LOGISTICS\",\"isPartOf\":{\"@id\":\"https:\\\/\\\/www.mathez-onsite-logistics.com\\\/fr\\\/#website\"},\"datePublished\":\"2021-09-20T15:22:06+00:00\",\"dateModified\":\"2026-05-04T14:15:01+00:00\",\"breadcrumb\":{\"@id\":\"https:\\\/\\\/www.mathez-onsite-logistics.com\\\/fr\\\/contact\\\/adresses\\\/#breadcrumb\"},\"inLanguage\":\"fr-FR\",\"potentialAction\":[{\"@type\":\"ReadAction\",\"target\":[\"https:\\\/\\\/www.mathez-onsite-logistics.com\\\/fr\\\/contact\\\/adresses\\\/\"]}]},{\"@type\":\"BreadcrumbList\",\"@id\":\"https:\\\/\\\/www.mathez-onsite-logistics.com\\\/fr\\\/contact\\\/adresses\\\/#breadcrumb\",\"itemListElement\":[{\"@type\":\"ListItem\",\"position\":1,\"name\":\"Accueil\",\"item\":\"https:\\\/\\\/www.mathez-onsite-logistics.com\\\/fr\\\/\"},{\"@type\":\"ListItem\",\"position\":2,\"name\":\"Contacter MATHEZ ONSITE LOGISTICS\",\"item\":\"https:\\\/\\\/www.mathez-onsite-logistics.com\\\/fr\\\/contact\\\/\"},{\"@type\":\"ListItem\",\"position\":3,\"name\":\"Nos adresses, t\u00e9l\u00e9phones et e-mails\"}]},{\"@type\":\"WebSite\",\"@id\":\"https:\\\/\\\/www.mathez-onsite-logistics.com\\\/fr\\\/#website\",\"url\":\"https:\\\/\\\/www.mathez-onsite-logistics.com\\\/fr\\\/\",\"name\":\"MATHEZ ONSITE LOGISTICS\",\"description\":\"French Riviera Exhibitions Specialist\",\"publisher\":{\"@id\":\"https:\\\/\\\/www.mathez-onsite-logistics.com\\\/fr\\\/#organization\"},\"potentialAction\":[{\"@type\":\"SearchAction\",\"target\":{\"@type\":\"EntryPoint\",\"urlTemplate\":\"https:\\\/\\\/www.mathez-onsite-logistics.com\\\/fr\\\/?s={search_term_string}\"},\"query-input\":{\"@type\":\"PropertyValueSpecification\",\"valueRequired\":true,\"valueName\":\"search_term_string\"}}],\"inLanguage\":\"fr-FR\"},{\"@type\":\"Organization\",\"@id\":\"https:\\\/\\\/www.mathez-onsite-logistics.com\\\/fr\\\/#organization\",\"name\":\"MATHEZ ONSITE LOGISTICS\",\"url\":\"https:\\\/\\\/www.mathez-onsite-logistics.com\\\/fr\\\/\",\"logo\":{\"@type\":\"ImageObject\",\"inLanguage\":\"fr-FR\",\"@id\":\"https:\\\/\\\/www.mathez-onsite-logistics.com\\\/fr\\\/#\\\/schema\\\/logo\\\/image\\\/\",\"url\":\"https:\\\/\\\/www.mathez-onsite-logistics.com\\\/wp-content\\\/uploads\\\/logo-mathez-onsite-logistics-nb-e1632174648591.png\",\"contentUrl\":\"https:\\\/\\\/www.mathez-onsite-logistics.com\\\/wp-content\\\/uploads\\\/logo-mathez-onsite-logistics-nb-e1632174648591.png\",\"width\":500,\"height\":155,\"caption\":\"MATHEZ ONSITE LOGISTICS\"},\"image\":{\"@id\":\"https:\\\/\\\/www.mathez-onsite-logistics.com\\\/fr\\\/#\\\/schema\\\/logo\\\/image\\\/\"},\"sameAs\":[\"https:\\\/\\\/www.facebook.com\\\/MathezFreight\",\"https:\\\/\\\/www.linkedin.com\\\/company\\\/mathez-onsite-logistics\\\/\"]}]}<\/script>\n<!-- \/ Yoast SEO Premium plugin. -->","yoast_head_json":{"title":"Nos adresses, t\u00e9l\u00e9phones et e-mails - MATHEZ ONSITE LOGISTICS","robots":{"index":"index","follow":"follow","max-snippet":"max-snippet:-1","max-image-preview":"max-image-preview:large","max-video-preview":"max-video-preview:-1"},"canonical":"https:\/\/www.mathez-onsite-logistics.com\/fr\/contact\/adresses\/","og_locale":"fr_FR","og_type":"article","og_title":"Nos adresses, t\u00e9l\u00e9phones et e-mails","og_description":"CONTACT GENERAL COTATION EXPRESS RDV TFWA WE&amp;C ADRESSE, TEL, MAIL Veuillez trouver ici nos coordonn\u00e9es. Nos bureaux: [Carros] Bureau &amp; entrep\u00f4t:MATHEZ ONSITE LOGISTICS, Le Broc Center, Zone Industrielle de Carros, 1ere Avenue, 06510 Carros, France [Cannes] Bureau:MATHEZ FREIGHT,\u00a015 Rue Du Vingt-Quatre Ao\u00fbt, 06400 Cannes, France [Cannes] Points Infos &amp; Entrep\u00f4ts TFWA: Entrep\u00f4t MATHEZ ONSITE LOGISTICS [&hellip;]","og_url":"https:\/\/www.mathez-onsite-logistics.com\/fr\/contact\/adresses\/","og_site_name":"MATHEZ ONSITE LOGISTICS","article_publisher":"https:\/\/www.facebook.com\/MathezFreight","article_modified_time":"2026-05-04T14:15:01+00:00","schema":{"@context":"https:\/\/schema.org","@graph":[{"@type":"WebPage","@id":"https:\/\/www.mathez-onsite-logistics.com\/fr\/contact\/adresses\/","url":"https:\/\/www.mathez-onsite-logistics.com\/fr\/contact\/adresses\/","name":"Nos adresses, t\u00e9l\u00e9phones et e-mails - MATHEZ ONSITE LOGISTICS","isPartOf":{"@id":"https:\/\/www.mathez-onsite-logistics.com\/fr\/#website"},"datePublished":"2021-09-20T15:22:06+00:00","dateModified":"2026-05-04T14:15:01+00:00","breadcrumb":{"@id":"https:\/\/www.mathez-onsite-logistics.com\/fr\/contact\/adresses\/#breadcrumb"},"inLanguage":"fr-FR","potentialAction":[{"@type":"ReadAction","target":["https:\/\/www.mathez-onsite-logistics.com\/fr\/contact\/adresses\/"]}]},{"@type":"BreadcrumbList","@id":"https:\/\/www.mathez-onsite-logistics.com\/fr\/contact\/adresses\/#breadcrumb","itemListElement":[{"@type":"ListItem","position":1,"name":"Accueil","item":"https:\/\/www.mathez-onsite-logistics.com\/fr\/"},{"@type":"ListItem","position":2,"name":"Contacter MATHEZ ONSITE LOGISTICS","item":"https:\/\/www.mathez-onsite-logistics.com\/fr\/contact\/"},{"@type":"ListItem","position":3,"name":"Nos adresses, t\u00e9l\u00e9phones et e-mails"}]},{"@type":"WebSite","@id":"https:\/\/www.mathez-onsite-logistics.com\/fr\/#website","url":"https:\/\/www.mathez-onsite-logistics.com\/fr\/","name":"MATHEZ ONSITE LOGISTICS","description":"French Riviera Exhibitions Specialist","publisher":{"@id":"https:\/\/www.mathez-onsite-logistics.com\/fr\/#organization"},"potentialAction":[{"@type":"SearchAction","target":{"@type":"EntryPoint","urlTemplate":"https:\/\/www.mathez-onsite-logistics.com\/fr\/?s={search_term_string}"},"query-input":{"@type":"PropertyValueSpecification","valueRequired":true,"valueName":"search_term_string"}}],"inLanguage":"fr-FR"},{"@type":"Organization","@id":"https:\/\/www.mathez-onsite-logistics.com\/fr\/#organization","name":"MATHEZ ONSITE LOGISTICS","url":"https:\/\/www.mathez-onsite-logistics.com\/fr\/","logo":{"@type":"ImageObject","inLanguage":"fr-FR","@id":"https:\/\/www.mathez-onsite-logistics.com\/fr\/#\/schema\/logo\/image\/","url":"https:\/\/www.mathez-onsite-logistics.com\/wp-content\/uploads\/logo-mathez-onsite-logistics-nb-e1632174648591.png","contentUrl":"https:\/\/www.mathez-onsite-logistics.com\/wp-content\/uploads\/logo-mathez-onsite-logistics-nb-e1632174648591.png","width":500,"height":155,"caption":"MATHEZ ONSITE LOGISTICS"},"image":{"@id":"https:\/\/www.mathez-onsite-logistics.com\/fr\/#\/schema\/logo\/image\/"},"sameAs":["https:\/\/www.facebook.com\/MathezFreight","https:\/\/www.linkedin.com\/company\/mathez-onsite-logistics\/"]}]}},"_links":{"self":[{"href":"https:\/\/www.mathez-onsite-logistics.com\/fr\/wp-json\/wp\/v2\/pages\/6336","targetHints":{"allow":["GET"]}}],"collection":[{"href":"https:\/\/www.mathez-onsite-logistics.com\/fr\/wp-json\/wp\/v2\/pages"}],"about":[{"href":"https:\/\/www.mathez-onsite-logistics.com\/fr\/wp-json\/wp\/v2\/types\/page"}],"author":[{"embeddable":true,"href":"https:\/\/www.mathez-onsite-logistics.com\/fr\/wp-json\/wp\/v2\/users\/6"}],"replies":[{"embeddable":true,"href":"https:\/\/www.mathez-onsite-logistics.com\/fr\/wp-json\/wp\/v2\/comments?post=6336"}],"version-history":[{"count":59,"href":"https:\/\/www.mathez-onsite-logistics.com\/fr\/wp-json\/wp\/v2\/pages\/6336\/revisions"}],"predecessor-version":[{"id":10412,"href":"https:\/\/www.mathez-onsite-logistics.com\/fr\/wp-json\/wp\/v2\/pages\/6336\/revisions\/10412"}],"up":[{"embeddable":true,"href":"https:\/\/www.mathez-onsite-logistics.com\/fr\/wp-json\/wp\/v2\/pages\/868"}],"wp:attachment":[{"href":"https:\/\/www.mathez-onsite-logistics.com\/fr\/wp-json\/wp\/v2\/media?parent=6336"}],"curies":[{"name":"wp","href":"https:\/\/api.w.org\/{rel}","templated":true}]}}