{"id":868,"date":"2021-05-07T18:46:08","date_gmt":"2021-05-07T16:46:08","guid":{"rendered":"https:\/\/www.mathez-onsite-logistics.com\/?page_id=868"},"modified":"2025-07-08T12:41:41","modified_gmt":"2025-07-08T10:41:41","slug":"contact","status":"publish","type":"page","link":"https:\/\/www.mathez-onsite-logistics.com\/fr\/contact\/","title":{"rendered":"Contacter MATHEZ ONSITE LOGISTICS"},"content":{"rendered":"\t\t<div data-elementor-type=\"wp-page\" data-elementor-id=\"868\" class=\"elementor elementor-868\" data-elementor-post-type=\"page\">\n\t\t\t\t\t\t<section class=\"elementor-section elementor-top-section elementor-element elementor-element-7145ea8 elementor-section-boxed elementor-section-height-default elementor-section-height-default\" data-id=\"7145ea8\" data-element_type=\"section\" id=\"onsite-bar-boutons\">\n\t\t\t\t\t\t<div class=\"elementor-container elementor-column-gap-default\">\n\t\t\t\t\t<div class=\"elementor-column elementor-col-20 elementor-top-column elementor-element elementor-element-0735531\" data-id=\"0735531\" data-element_type=\"column\">\n\t\t\t<div class=\"elementor-widget-wrap\">\n\t\t\t\t\t\t\t<\/div>\n\t\t<\/div>\n\t\t\t\t<div class=\"elementor-column elementor-col-20 elementor-top-column elementor-element elementor-element-030f50e\" data-id=\"030f50e\" data-element_type=\"column\">\n\t\t\t<div class=\"elementor-widget-wrap elementor-element-populated\">\n\t\t\t\t\t\t<div class=\"elementor-element elementor-element-ae72ee0 elementor-button-info elementor-widget elementor-widget-button\" data-id=\"ae72ee0\" data-element_type=\"widget\" data-widget_type=\"button.default\">\n\t\t\t\t<div class=\"elementor-widget-container\">\n\t\t\t\t\t\t\t\t\t<div class=\"elementor-button-wrapper\">\n\t\t\t\t\t<a class=\"elementor-button elementor-button-link elementor-size-md\" href=\"https:\/\/www.mathez-onsite-logistics.com\/fr\/contact\/\">\n\t\t\t\t\t\t<span class=\"elementor-button-content-wrapper\">\n\t\t\t\t\t\t<span class=\"elementor-button-icon\">\n\t\t\t\t<i aria-hidden=\"true\" class=\"far fa-comments\"><\/i>\t\t\t<\/span>\n\t\t\t\t\t\t\t\t\t<span class=\"elementor-button-text\">CONTACT GENERAL<\/span>\n\t\t\t\t\t<\/span>\n\t\t\t\t\t<\/a>\n\t\t\t\t<\/div>\n\t\t\t\t\t\t\t\t<\/div>\n\t\t\t\t<\/div>\n\t\t\t\t\t<\/div>\n\t\t<\/div>\n\t\t\t\t<div class=\"elementor-column elementor-col-20 elementor-top-column elementor-element elementor-element-c2f2078\" data-id=\"c2f2078\" data-element_type=\"column\">\n\t\t\t<div class=\"elementor-widget-wrap elementor-element-populated\">\n\t\t\t\t\t\t<div class=\"elementor-element elementor-element-5174c92 elementor-button-info elementor-widget elementor-widget-button\" data-id=\"5174c92\" data-element_type=\"widget\" data-widget_type=\"button.default\">\n\t\t\t\t<div class=\"elementor-widget-container\">\n\t\t\t\t\t\t\t\t\t<div class=\"elementor-button-wrapper\">\n\t\t\t\t\t<a class=\"elementor-button elementor-button-link elementor-size-md\" href=\"https:\/\/www.mathez-onsite-logistics.com\/fr\/contact\/cotation\/\">\n\t\t\t\t\t\t<span class=\"elementor-button-content-wrapper\">\n\t\t\t\t\t\t<span class=\"elementor-button-icon\">\n\t\t\t\t<i aria-hidden=\"true\" class=\"fas fa-dollar-sign\"><\/i>\t\t\t<\/span>\n\t\t\t\t\t\t\t\t\t<span class=\"elementor-button-text\">COTATION EXPRESS<\/span>\n\t\t\t\t\t<\/span>\n\t\t\t\t\t<\/a>\n\t\t\t\t<\/div>\n\t\t\t\t\t\t\t\t<\/div>\n\t\t\t\t<\/div>\n\t\t\t\t\t<\/div>\n\t\t<\/div>\n\t\t\t\t<div class=\"elementor-column elementor-col-20 elementor-top-column elementor-element elementor-element-bdbd785\" data-id=\"bdbd785\" data-element_type=\"column\">\n\t\t\t<div class=\"elementor-widget-wrap elementor-element-populated\">\n\t\t\t\t\t\t<div class=\"elementor-element elementor-element-f8bae42 elementor-button-info elementor-widget elementor-widget-button\" data-id=\"f8bae42\" data-element_type=\"widget\" data-widget_type=\"button.default\">\n\t\t\t\t<div class=\"elementor-widget-container\">\n\t\t\t\t\t\t\t\t\t<div class=\"elementor-button-wrapper\">\n\t\t\t\t\t<a class=\"elementor-button elementor-button-link elementor-size-md\" href=\"https:\/\/www.mathez-onsite-logistics.com\/fr\/tfwa\/booking\/?2025\">\n\t\t\t\t\t\t<span class=\"elementor-button-content-wrapper\">\n\t\t\t\t\t\t<span class=\"elementor-button-icon\">\n\t\t\t\t<i aria-hidden=\"true\" class=\"far fa-calendar-check\"><\/i>\t\t\t<\/span>\n\t\t\t\t\t\t\t\t\t<span class=\"elementor-button-text\">RDV  TFWA E&amp;C 2026<\/span>\n\t\t\t\t\t<\/span>\n\t\t\t\t\t<\/a>\n\t\t\t\t<\/div>\n\t\t\t\t\t\t\t\t<\/div>\n\t\t\t\t<\/div>\n\t\t\t\t\t<\/div>\n\t\t<\/div>\n\t\t\t\t<div class=\"elementor-column elementor-col-20 elementor-top-column elementor-element elementor-element-53c74c2\" data-id=\"53c74c2\" data-element_type=\"column\">\n\t\t\t<div class=\"elementor-widget-wrap elementor-element-populated\">\n\t\t\t\t\t\t<div class=\"elementor-element elementor-element-dde6348 elementor-button-info elementor-widget elementor-widget-button\" data-id=\"dde6348\" data-element_type=\"widget\" data-widget_type=\"button.default\">\n\t\t\t\t<div class=\"elementor-widget-container\">\n\t\t\t\t\t\t\t\t\t<div class=\"elementor-button-wrapper\">\n\t\t\t\t\t<a class=\"elementor-button elementor-button-link elementor-size-md\" href=\"https:\/\/www.mathez-onsite-logistics.com\/fr\/contact\/adresses\/\">\n\t\t\t\t\t\t<span class=\"elementor-button-content-wrapper\">\n\t\t\t\t\t\t<span class=\"elementor-button-icon\">\n\t\t\t\t<i aria-hidden=\"true\" class=\"fas fa-building\"><\/i>\t\t\t<\/span>\n\t\t\t\t\t\t\t\t\t<span class=\"elementor-button-text\">ADRESSE, TEL, MAIL<\/span>\n\t\t\t\t\t<\/span>\n\t\t\t\t\t<\/a>\n\t\t\t\t<\/div>\n\t\t\t\t\t\t\t\t<\/div>\n\t\t\t\t<\/div>\n\t\t\t\t\t<\/div>\n\t\t<\/div>\n\t\t\t\t\t<\/div>\n\t\t<\/section>\n\t\t\t\t<section class=\"elementor-section elementor-top-section elementor-element elementor-element-2fb8c37 elementor-section-boxed elementor-section-height-default elementor-section-height-default\" data-id=\"2fb8c37\" data-element_type=\"section\">\n\t\t\t\t\t\t<div class=\"elementor-container elementor-column-gap-default\">\n\t\t\t\t\t<div class=\"elementor-column elementor-col-100 elementor-top-column elementor-element elementor-element-e14b92e\" data-id=\"e14b92e\" data-element_type=\"column\">\n\t\t\t<div class=\"elementor-widget-wrap elementor-element-populated\">\n\t\t\t\t\t\t<div class=\"elementor-element elementor-element-2bd9950 elementor-blockquote--skin-clean elementor-blockquote--button-color-official elementor-widget elementor-widget-blockquote\" data-id=\"2bd9950\" data-element_type=\"widget\" data-widget_type=\"blockquote.default\">\n\t\t\t\t<div class=\"elementor-widget-container\">\n\t\t\t\t\t\t\t<blockquote class=\"elementor-blockquote\">\n\t\t\t<p class=\"elementor-blockquote__content\">\n\t\t\t\tAdressez-nous tout type de demande et nous vous r\u00e9pondrons au plus vite.\t\t\t<\/p>\n\t\t\t\t\t<\/blockquote>\n\t\t\t\t\t\t<\/div>\n\t\t\t\t<\/div>\n\t\t\t\t\t<\/div>\n\t\t<\/div>\n\t\t\t\t\t<\/div>\n\t\t<\/section>\n\t\t\t\t<section class=\"elementor-section elementor-top-section elementor-element elementor-element-3b131e3 elementor-section-boxed elementor-section-height-default elementor-section-height-default\" data-id=\"3b131e3\" data-element_type=\"section\">\n\t\t\t\t\t\t<div class=\"elementor-container elementor-column-gap-default\">\n\t\t\t\t\t\t<\/div>\n\t\t<\/section>\n\t\t\t\t<section class=\"elementor-section elementor-top-section elementor-element elementor-element-19cf6ed elementor-section-boxed elementor-section-height-default elementor-section-height-default\" data-id=\"19cf6ed\" data-element_type=\"section\">\n\t\t\t\t\t\t<div class=\"elementor-container elementor-column-gap-default\">\n\t\t\t\t\t<div class=\"elementor-column elementor-col-100 elementor-top-column elementor-element elementor-element-33f8c3a\" data-id=\"33f8c3a\" data-element_type=\"column\">\n\t\t\t<div class=\"elementor-widget-wrap elementor-element-populated\">\n\t\t\t\t\t\t<div class=\"elementor-element elementor-element-a06d131 elementor-button-align-stretch elementor-widget elementor-widget-form\" data-id=\"a06d131\" data-element_type=\"widget\" data-settings=\"{&quot;step_next_label&quot;:&quot;Next&quot;,&quot;step_previous_label&quot;:&quot;Previous&quot;,&quot;button_width&quot;:&quot;100&quot;,&quot;step_type&quot;:&quot;number_text&quot;,&quot;step_icon_shape&quot;:&quot;circle&quot;}\" data-widget_type=\"form.default\">\n\t\t\t\t<div class=\"elementor-widget-container\">\n\t\t\t\t\t\t\t<form class=\"elementor-form\" method=\"post\" data-wpl_tracker=\"{&quot;gtag&quot;:true,&quot;gtag_category&quot;:&quot;Form&quot;,&quot;gtag_action&quot;:&quot;Submit&quot;,&quot;gtag_label&quot;:&quot;Contact&quot;,&quot;gtm&quot;:true}\" class=\"events-tracker-for-elementor\" id=\"contact_fr\" name=\"Contact (FR)\" aria-label=\"Contact (FR)\">\n\t\t\t<input type=\"hidden\" name=\"post_id\" value=\"868\"\/>\n\t\t\t<input type=\"hidden\" name=\"form_id\" value=\"a06d131\"\/>\n\t\t\t<input type=\"hidden\" name=\"referer_title\" value=\"Contacter MATHEZ ONSITE LOGISTICS - MATHEZ ONSITE LOGISTICS\" \/>\n\n\t\t\t\t\t\t\t<input type=\"hidden\" name=\"queried_id\" value=\"868\"\/>\n\t\t\t\n\t\t\t<div class=\"elementor-form-fields-wrapper elementor-labels-above\">\n\t\t\t\t\t\t\t\t<div class=\"elementor-field-type-text elementor-field-group elementor-column elementor-field-group-nom elementor-col-50 elementor-field-required elementor-mark-required\">\n\t\t\t\t\t\t\t\t\t\t\t\t<label for=\"form-field-nom\" class=\"elementor-field-label\">\n\t\t\t\t\t\t\t\tNom\t\t\t\t\t\t\t<\/label>\n\t\t\t\t\t\t\t\t\t\t\t\t\t\t<input size=\"1\" type=\"text\" name=\"form_fields[nom]\" id=\"form-field-nom\" class=\"elementor-field elementor-size-sm  elementor-field-textual\" placeholder=\"Vos pr\u00e9nom et nom\" required=\"required\">\n\t\t\t\t\t\t\t\t\t\t\t<\/div>\n\t\t\t\t\t\t\t\t<div class=\"elementor-field-type-text elementor-field-group elementor-column elementor-field-group-societe elementor-col-50 elementor-field-required elementor-mark-required\">\n\t\t\t\t\t\t\t\t\t\t\t\t<label for=\"form-field-societe\" class=\"elementor-field-label\">\n\t\t\t\t\t\t\t\tSoci\u00e9t\u00e9\t\t\t\t\t\t\t<\/label>\n\t\t\t\t\t\t\t\t\t\t\t\t\t\t<input size=\"1\" type=\"text\" name=\"form_fields[societe]\" id=\"form-field-societe\" class=\"elementor-field elementor-size-sm  elementor-field-textual\" placeholder=\"Soci\u00e9t\u00e9 ou organisation\" required=\"required\">\n\t\t\t\t\t\t\t\t\t\t\t<\/div>\n\t\t\t\t\t\t\t\t<div class=\"elementor-field-type-tel elementor-field-group elementor-column elementor-field-group-tel elementor-col-50 elementor-field-required elementor-mark-required\">\n\t\t\t\t\t\t\t\t\t\t\t\t<label for=\"form-field-tel\" class=\"elementor-field-label\">\n\t\t\t\t\t\t\t\tT\u00e9l\u00e9phone\t\t\t\t\t\t\t<\/label>\n\t\t\t\t\t\t\t\t<input size=\"1\" type=\"tel\" name=\"form_fields[tel]\" id=\"form-field-tel\" class=\"elementor-field elementor-size-sm  elementor-field-textual\" placeholder=\"T\u00e9l\u00e9phone\" required=\"required\" pattern=\"[0-9()#&amp;+*-=.]+\" title=\"Only numbers and phone characters (#, -, *, etc) are accepted.\">\n\n\t\t\t\t\t\t<\/div>\n\t\t\t\t\t\t\t\t<div class=\"elementor-field-type-email elementor-field-group elementor-column elementor-field-group-email elementor-col-50 elementor-field-required elementor-mark-required\">\n\t\t\t\t\t\t\t\t\t\t\t\t<label for=\"form-field-email\" class=\"elementor-field-label\">\n\t\t\t\t\t\t\t\tEmail\t\t\t\t\t\t\t<\/label>\n\t\t\t\t\t\t\t\t\t\t\t\t\t\t<input size=\"1\" type=\"email\" name=\"form_fields[email]\" id=\"form-field-email\" class=\"elementor-field elementor-size-sm  elementor-field-textual\" placeholder=\"Email\" required=\"required\">\n\t\t\t\t\t\t\t\t\t\t\t<\/div>\n\t\t\t\t\t\t\t\t<div class=\"elementor-field-type-textarea elementor-field-group elementor-column elementor-field-group-message elementor-col-100\">\n\t\t\t\t\t\t\t\t\t\t\t\t<label for=\"form-field-message\" class=\"elementor-field-label\">\n\t\t\t\t\t\t\t\tVotre message\t\t\t\t\t\t\t<\/label>\n\t\t\t\t\t\t<textarea class=\"elementor-field-textual elementor-field  elementor-size-sm\" name=\"form_fields[message]\" id=\"form-field-message\" rows=\"7\" placeholder=\"Pr\u00e9cisez ici l&#039;objet de votre demade. \"><\/textarea>\t\t\t\t<\/div>\n\t\t\t\t\t\t\t\t<div class=\"elementor-field-type-text\">\n\t\t\t\t\t<input size=\"1\" type=\"text\" name=\"form_fields[field_8ae9c1d]\" id=\"form-field-field_8ae9c1d\" class=\"elementor-field elementor-size-sm \" style=\"display:none !important;\">\t\t\t\t<\/div>\n\t\t\t\t\t\t\t\t<div class=\"elementor-field-type-text\">\n\t\t\t\t\t<input size=\"1\" type=\"text\" name=\"form_fields[field_c08b3c0]\" id=\"form-field-field_c08b3c0\" class=\"elementor-field elementor-size-sm \" style=\"display:none !important;\">\t\t\t\t<\/div>\n\t\t\t\t\t\t\t\t<div class=\"elementor-field-type-acceptance elementor-field-group elementor-column elementor-field-group-RGPD elementor-col-100 elementor-field-required elementor-mark-required\">\n\t\t\t\t\t\t\t<div class=\"elementor-field-subgroup\">\n\t\t\t<span class=\"elementor-field-option\">\n\t\t\t\t<input type=\"checkbox\" name=\"form_fields[RGPD]\" id=\"form-field-RGPD\" class=\"elementor-field elementor-size-sm  elementor-acceptance-field\" required=\"required\" checked=\"checked\">\n\t\t\t\t<label for=\"form-field-RGPD\"><span style=\"font-size: 0.75em;\">J'accepte que mes informations soient partag\u00e9es avec les services concern\u00e9s \u00e0 des fins de gestion commerciale et administrative, en conformit\u00e9 avec la <a href=\"https:\/\/www.mathezfreight.com\/fr\/legal\/\">politique de protection des donn\u00e9es<\/a> de MATHEZ FREIGHT.<\/span><\/label>\t\t\t<\/span>\n\t\t<\/div>\n\t\t\t\t\t\t<\/div>\n\t\t\t\t\t\t\t\t<div class=\"elementor-field-type-recaptcha_v3 elementor-field-group elementor-column elementor-field-group-ReCaptcha elementor-col-100 recaptcha_v3-bottomleft\">\n\t\t\t\t\t<div class=\"elementor-field\" id=\"form-field-ReCaptcha\"><div class=\"elementor-g-recaptcha\" data-sitekey=\"6LcFb5UrAAAAABN5ftRfkuAiMNbaLKwkp9CY5Wf_\" data-type=\"v3\" data-action=\"Form\" data-badge=\"bottomleft\" data-size=\"invisible\"><\/div><\/div>\t\t\t\t<\/div>\n\t\t\t\t\t\t\t\t<div class=\"elementor-field-group elementor-column elementor-field-type-submit elementor-col-100 e-form__buttons\">\n\t\t\t\t\t<button class=\"elementor-button elementor-size-md\" type=\"submit\">\n\t\t\t\t\t\t<span class=\"elementor-button-content-wrapper\">\n\t\t\t\t\t\t\t\t\t\t\t\t\t\t\t<span class=\"elementor-button-icon\">\n\t\t\t\t\t\t\t\t\t<i aria-hidden=\"true\" class=\"far fa-arrow-alt-circle-right\"><\/i>\t\t\t\t\t\t\t\t\t\t\t\t\t\t\t\t\t<\/span>\n\t\t\t\t\t\t\t\t\t\t\t\t\t\t\t\t\t\t\t\t\t\t<span class=\"elementor-button-text\">Envoyer<\/span>\n\t\t\t\t\t\t\t\t\t\t\t\t\t<\/span>\n\t\t\t\t\t<\/button>\n\t\t\t\t<\/div>\n\t\t\t<\/div>\n\t\t<\/form>\n\t\t\t\t\t\t<\/div>\n\t\t\t\t<\/div>\n\t\t\t\t\t<\/div>\n\t\t<\/div>\n\t\t\t\t\t<\/div>\n\t\t<\/section>\n\t\t\t\t<\/div>\n\t\t","protected":false},"excerpt":{"rendered":"<p>CONTACT GENERAL COTATION EXPRESS RDV TFWA WE&#038;C ADRESSE, TEL, MAIL Adressez-nous tout type de demande et nous vous r\u00e9pondrons au plus vite.<\/p>\n","protected":false},"author":1,"featured_media":0,"parent":0,"menu_order":40,"comment_status":"closed","ping_status":"closed","template":"","meta":{"iawp_total_views":151,"footnotes":""},"class_list":["post-868","page","type-page","status-publish","hentry"],"yoast_head":"<!-- This site is optimized with the Yoast SEO Premium plugin v25.6 (Yoast SEO v25.6) - https:\/\/yoast.com\/wordpress\/plugins\/seo\/ -->\n<title>Contacter MATHEZ ONSITE LOGISTICS - MATHEZ ONSITE LOGISTICS<\/title>\n<meta name=\"robots\" content=\"index, follow, max-snippet:-1, max-image-preview:large, max-video-preview:-1\" \/>\n<link rel=\"canonical\" href=\"https:\/\/www.mathez-onsite-logistics.com\/fr\/contact\/\" \/>\n<meta property=\"og:locale\" content=\"fr_FR\" \/>\n<meta property=\"og:type\" content=\"article\" \/>\n<meta property=\"og:title\" content=\"Contacter MATHEZ ONSITE LOGISTICS\" \/>\n<meta property=\"og:description\" content=\"CONTACT GENERAL COTATION EXPRESS RDV TFWA WE&#038;C ADRESSE, TEL, MAIL Adressez-nous tout type de demande et nous vous r\u00e9pondrons au plus vite.\" \/>\n<meta property=\"og:url\" content=\"https:\/\/www.mathez-onsite-logistics.com\/fr\/contact\/\" \/>\n<meta property=\"og:site_name\" content=\"MATHEZ ONSITE LOGISTICS\" \/>\n<meta property=\"article:publisher\" content=\"https:\/\/www.facebook.com\/MathezFreight\" \/>\n<meta property=\"article:modified_time\" content=\"2025-07-08T10:41:41+00:00\" \/>\n<script type=\"application\/ld+json\" class=\"yoast-schema-graph\">{\"@context\":\"https:\/\/schema.org\",\"@graph\":[{\"@type\":\"WebPage\",\"@id\":\"https:\/\/www.mathez-onsite-logistics.com\/fr\/contact\/\",\"url\":\"https:\/\/www.mathez-onsite-logistics.com\/fr\/contact\/\",\"name\":\"Contacter MATHEZ ONSITE LOGISTICS - MATHEZ ONSITE LOGISTICS\",\"isPartOf\":{\"@id\":\"https:\/\/www.mathez-onsite-logistics.com\/fr\/#website\"},\"datePublished\":\"2021-05-07T16:46:08+00:00\",\"dateModified\":\"2025-07-08T10:41:41+00:00\",\"breadcrumb\":{\"@id\":\"https:\/\/www.mathez-onsite-logistics.com\/fr\/contact\/#breadcrumb\"},\"inLanguage\":\"fr-FR\",\"potentialAction\":[{\"@type\":\"ReadAction\",\"target\":[\"https:\/\/www.mathez-onsite-logistics.com\/fr\/contact\/\"]}]},{\"@type\":\"BreadcrumbList\",\"@id\":\"https:\/\/www.mathez-onsite-logistics.com\/fr\/contact\/#breadcrumb\",\"itemListElement\":[{\"@type\":\"ListItem\",\"position\":1,\"name\":\"Accueil\",\"item\":\"https:\/\/www.mathez-onsite-logistics.com\/fr\/\"},{\"@type\":\"ListItem\",\"position\":2,\"name\":\"Contacter MATHEZ ONSITE LOGISTICS\"}]},{\"@type\":\"WebSite\",\"@id\":\"https:\/\/www.mathez-onsite-logistics.com\/fr\/#website\",\"url\":\"https:\/\/www.mathez-onsite-logistics.com\/fr\/\",\"name\":\"MATHEZ ONSITE LOGISTICS\",\"description\":\"French Riviera Exhibitions Specialist\",\"publisher\":{\"@id\":\"https:\/\/www.mathez-onsite-logistics.com\/fr\/#organization\"},\"potentialAction\":[{\"@type\":\"SearchAction\",\"target\":{\"@type\":\"EntryPoint\",\"urlTemplate\":\"https:\/\/www.mathez-onsite-logistics.com\/fr\/?s={search_term_string}\"},\"query-input\":{\"@type\":\"PropertyValueSpecification\",\"valueRequired\":true,\"valueName\":\"search_term_string\"}}],\"inLanguage\":\"fr-FR\"},{\"@type\":\"Organization\",\"@id\":\"https:\/\/www.mathez-onsite-logistics.com\/fr\/#organization\",\"name\":\"MATHEZ ONSITE LOGISTICS\",\"url\":\"https:\/\/www.mathez-onsite-logistics.com\/fr\/\",\"logo\":{\"@type\":\"ImageObject\",\"inLanguage\":\"fr-FR\",\"@id\":\"https:\/\/www.mathez-onsite-logistics.com\/fr\/#\/schema\/logo\/image\/\",\"url\":\"https:\/\/www.mathez-onsite-logistics.com\/wp-content\/uploads\/logo-mathez-onsite-logistics-nb-e1632174648591.png\",\"contentUrl\":\"https:\/\/www.mathez-onsite-logistics.com\/wp-content\/uploads\/logo-mathez-onsite-logistics-nb-e1632174648591.png\",\"width\":500,\"height\":155,\"caption\":\"MATHEZ ONSITE LOGISTICS\"},\"image\":{\"@id\":\"https:\/\/www.mathez-onsite-logistics.com\/fr\/#\/schema\/logo\/image\/\"},\"sameAs\":[\"https:\/\/www.facebook.com\/MathezFreight\",\"https:\/\/www.linkedin.com\/company\/mathez-onsite-logistics\/\"]}]}<\/script>\n<!-- \/ Yoast SEO Premium plugin. -->","yoast_head_json":{"title":"Contacter MATHEZ ONSITE LOGISTICS - MATHEZ ONSITE LOGISTICS","robots":{"index":"index","follow":"follow","max-snippet":"max-snippet:-1","max-image-preview":"max-image-preview:large","max-video-preview":"max-video-preview:-1"},"canonical":"https:\/\/www.mathez-onsite-logistics.com\/fr\/contact\/","og_locale":"fr_FR","og_type":"article","og_title":"Contacter MATHEZ ONSITE LOGISTICS","og_description":"CONTACT GENERAL COTATION EXPRESS RDV TFWA WE&#038;C ADRESSE, TEL, MAIL Adressez-nous tout type de demande et nous vous r\u00e9pondrons au plus vite.","og_url":"https:\/\/www.mathez-onsite-logistics.com\/fr\/contact\/","og_site_name":"MATHEZ ONSITE LOGISTICS","article_publisher":"https:\/\/www.facebook.com\/MathezFreight","article_modified_time":"2025-07-08T10:41:41+00:00","schema":{"@context":"https:\/\/schema.org","@graph":[{"@type":"WebPage","@id":"https:\/\/www.mathez-onsite-logistics.com\/fr\/contact\/","url":"https:\/\/www.mathez-onsite-logistics.com\/fr\/contact\/","name":"Contacter MATHEZ ONSITE LOGISTICS - MATHEZ ONSITE LOGISTICS","isPartOf":{"@id":"https:\/\/www.mathez-onsite-logistics.com\/fr\/#website"},"datePublished":"2021-05-07T16:46:08+00:00","dateModified":"2025-07-08T10:41:41+00:00","breadcrumb":{"@id":"https:\/\/www.mathez-onsite-logistics.com\/fr\/contact\/#breadcrumb"},"inLanguage":"fr-FR","potentialAction":[{"@type":"ReadAction","target":["https:\/\/www.mathez-onsite-logistics.com\/fr\/contact\/"]}]},{"@type":"BreadcrumbList","@id":"https:\/\/www.mathez-onsite-logistics.com\/fr\/contact\/#breadcrumb","itemListElement":[{"@type":"ListItem","position":1,"name":"Accueil","item":"https:\/\/www.mathez-onsite-logistics.com\/fr\/"},{"@type":"ListItem","position":2,"name":"Contacter MATHEZ ONSITE LOGISTICS"}]},{"@type":"WebSite","@id":"https:\/\/www.mathez-onsite-logistics.com\/fr\/#website","url":"https:\/\/www.mathez-onsite-logistics.com\/fr\/","name":"MATHEZ ONSITE LOGISTICS","description":"French Riviera Exhibitions Specialist","publisher":{"@id":"https:\/\/www.mathez-onsite-logistics.com\/fr\/#organization"},"potentialAction":[{"@type":"SearchAction","target":{"@type":"EntryPoint","urlTemplate":"https:\/\/www.mathez-onsite-logistics.com\/fr\/?s={search_term_string}"},"query-input":{"@type":"PropertyValueSpecification","valueRequired":true,"valueName":"search_term_string"}}],"inLanguage":"fr-FR"},{"@type":"Organization","@id":"https:\/\/www.mathez-onsite-logistics.com\/fr\/#organization","name":"MATHEZ ONSITE LOGISTICS","url":"https:\/\/www.mathez-onsite-logistics.com\/fr\/","logo":{"@type":"ImageObject","inLanguage":"fr-FR","@id":"https:\/\/www.mathez-onsite-logistics.com\/fr\/#\/schema\/logo\/image\/","url":"https:\/\/www.mathez-onsite-logistics.com\/wp-content\/uploads\/logo-mathez-onsite-logistics-nb-e1632174648591.png","contentUrl":"https:\/\/www.mathez-onsite-logistics.com\/wp-content\/uploads\/logo-mathez-onsite-logistics-nb-e1632174648591.png","width":500,"height":155,"caption":"MATHEZ ONSITE LOGISTICS"},"image":{"@id":"https:\/\/www.mathez-onsite-logistics.com\/fr\/#\/schema\/logo\/image\/"},"sameAs":["https:\/\/www.facebook.com\/MathezFreight","https:\/\/www.linkedin.com\/company\/mathez-onsite-logistics\/"]}]}},"_links":{"self":[{"href":"https:\/\/www.mathez-onsite-logistics.com\/fr\/wp-json\/wp\/v2\/pages\/868","targetHints":{"allow":["GET"]}}],"collection":[{"href":"https:\/\/www.mathez-onsite-logistics.com\/fr\/wp-json\/wp\/v2\/pages"}],"about":[{"href":"https:\/\/www.mathez-onsite-logistics.com\/fr\/wp-json\/wp\/v2\/types\/page"}],"author":[{"embeddable":true,"href":"https:\/\/www.mathez-onsite-logistics.com\/fr\/wp-json\/wp\/v2\/users\/1"}],"replies":[{"embeddable":true,"href":"https:\/\/www.mathez-onsite-logistics.com\/fr\/wp-json\/wp\/v2\/comments?post=868"}],"version-history":[{"count":135,"href":"https:\/\/www.mathez-onsite-logistics.com\/fr\/wp-json\/wp\/v2\/pages\/868\/revisions"}],"predecessor-version":[{"id":10144,"href":"https:\/\/www.mathez-onsite-logistics.com\/fr\/wp-json\/wp\/v2\/pages\/868\/revisions\/10144"}],"wp:attachment":[{"href":"https:\/\/www.mathez-onsite-logistics.com\/fr\/wp-json\/wp\/v2\/media?parent=868"}],"curies":[{"name":"wp","href":"https:\/\/api.w.org\/{rel}","templated":true}]}}