{"id":9006,"date":"2024-04-19T08:59:43","date_gmt":"2024-04-19T06:59:43","guid":{"rendered":"https:\/\/www.mathez-onsite-logistics.com\/?page_id=9006"},"modified":"2024-05-30T15:23:17","modified_gmt":"2024-05-30T13:23:17","slug":"cookies","status":"publish","type":"page","link":"https:\/\/www.mathez-onsite-logistics.com\/fr\/legal\/cookies\/","title":{"rendered":"Politique relative aux cookies"},"content":{"rendered":"\t\t<div data-elementor-type=\"wp-page\" data-elementor-id=\"9006\" class=\"elementor elementor-9006\" data-elementor-post-type=\"page\">\n\t\t\t\t\t\t<section class=\"elementor-section elementor-top-section elementor-element elementor-element-012d35f elementor-section-boxed elementor-section-height-default elementor-section-height-default\" data-id=\"012d35f\" data-element_type=\"section\" data-e-type=\"section\">\n\t\t\t\t\t\t<div class=\"elementor-container elementor-column-gap-default\">\n\t\t\t\t\t<div class=\"elementor-column elementor-col-100 elementor-top-column elementor-element elementor-element-9070447\" data-id=\"9070447\" data-element_type=\"column\" data-e-type=\"column\">\n\t\t\t<div class=\"elementor-widget-wrap elementor-element-populated\">\n\t\t\t\t\t\t<div class=\"elementor-element elementor-element-28a2b71 elementor-blockquote--skin-clean elementor-widget elementor-widget-blockquote\" data-id=\"28a2b71\" data-element_type=\"widget\" data-e-type=\"widget\" data-widget_type=\"blockquote.default\">\n\t\t\t\t<div class=\"elementor-widget-container\">\n\t\t\t\t\t\t\t<blockquote class=\"elementor-blockquote\">\n\t\t\t<p class=\"elementor-blockquote__content\">\n\t\t\t\tLe site mathez-onsite-logistics.com est \u00e9dit\u00e9 par MATHEZ ONSITE LOGISTICS, une marque de la soci\u00e9t\u00e9 MATHEZ TRANSPORTS INTERNATIONAUX dont le si\u00e8ge social est situ\u00e9 \u00e0 Nice.\t\t\t<\/p>\n\t\t\t\t\t<\/blockquote>\n\t\t\t\t\t\t<\/div>\n\t\t\t\t<\/div>\n\t\t\t\t\t<\/div>\n\t\t<\/div>\n\t\t\t\t\t<\/div>\n\t\t<\/section>\n\t\t\t\t<section class=\"elementor-section elementor-top-section elementor-element elementor-element-6a31690 elementor-section-boxed elementor-section-height-default elementor-section-height-default\" data-id=\"6a31690\" data-element_type=\"section\" data-e-type=\"section\" id=\"mti-legal\" data-settings=\"{&quot;animation&quot;:&quot;none&quot;}\">\n\t\t\t\t\t\t<div class=\"elementor-container elementor-column-gap-default\">\n\t\t\t\t\t<div class=\"elementor-column elementor-col-100 elementor-top-column elementor-element elementor-element-fbf4c45\" data-id=\"fbf4c45\" data-element_type=\"column\" data-e-type=\"column\">\n\t\t\t<div class=\"elementor-widget-wrap elementor-element-populated\">\n\t\t\t\t\t\t<div class=\"elementor-element elementor-element-12fe620 elementor-widget elementor-widget-accordion\" data-id=\"12fe620\" data-element_type=\"widget\" data-e-type=\"widget\" data-widget_type=\"accordion.default\">\n\t\t\t\t<div class=\"elementor-widget-container\">\n\t\t\t\t\t\t\t<div class=\"elementor-accordion\">\n\t\t\t\t\t\t\t<div class=\"elementor-accordion-item\">\n\t\t\t\t\t<div id=\"elementor-tab-title-1991\" class=\"elementor-tab-title\" data-tab=\"1\" role=\"button\" aria-controls=\"elementor-tab-content-1991\" aria-expanded=\"false\">\n\t\t\t\t\t\t\t\t\t\t\t\t\t<span class=\"elementor-accordion-icon elementor-accordion-icon-right\" aria-hidden=\"true\">\n\t\t\t\t\t\t\t\t\t\t\t\t\t\t\t<span class=\"elementor-accordion-icon-closed\"><i class=\"fas fa-plus\"><\/i><\/span>\n\t\t\t\t\t\t\t\t<span class=\"elementor-accordion-icon-opened\"><i class=\"fas fa-minus\"><\/i><\/span>\n\t\t\t\t\t\t\t\t\t\t\t\t\t\t<\/span>\n\t\t\t\t\t\t\t\t\t\t\t\t<a class=\"elementor-accordion-title\" tabindex=\"0\">Cookies<\/a>\n\t\t\t\t\t<\/div>\n\t\t\t\t\t<div id=\"elementor-tab-content-1991\" class=\"elementor-tab-content elementor-clearfix\" data-tab=\"1\" role=\"region\" aria-labelledby=\"elementor-tab-title-1991\"><p>La pr\u00e9sente politique en mati\u00e8re de cookies explique ce que sont les cookies, les informations que nous recueillons \u00e0 l\u2019aide des cookies, et comment vous pouvez contr\u00f4ler vos pr\u00e9f\u00e9rences relatives aux cookies.<\/p><h4 class=\"accordeon\">Que sont les cookies?<\/h4><p>Les cookies sont de petits <strong>fichiers texte<\/strong> stock\u00e9s sur votre appareil qui servent \u00e0 m\u00e9moriser des informations basiques relatives \u00e0 votre <strong>navigation sur internet<\/strong>. Chaque cookie est envoy\u00e9 par le serveur et stock\u00e9 sur votre poste pour la <strong>dur\u00e9e<\/strong> de votre session, ou au-del\u00e0, pour vous reconna\u00eetre lors d\u2019une prochaine session.<br \/>Pour en savoir plus sur les cookies, voyez\u00a0<strong><a href=\"http:\/\/www.allaboutcookies.org\/fr\/\" target=\"_blank\" rel=\"noreferrer noopener\">allaboutcookies.org<\/a><\/strong>\u00a0(en fran\u00e7ais).<\/p><h4 id=\"h-quels-types-de-cookies-utilisons-nous-et-pourquoi\">Quels types de cookies utilisons-nous et pourquoi?<\/h4><p>Ce site utilise des <strong>cookies internes<\/strong> indispensables au fonctionnement du serveur web, ou destin\u00e9s \u00e0 optimiser votre exp\u00e9rience de navigation, et fait appel \u00e0 des <strong>services tiers<\/strong> d\u00e9posant \u00e9galement des cookies. La liste ci-dessous identifie les cookies utilis\u00e9s sur ce site, par cat\u00e9gories:<\/p><div class=\"cky-audit-table-element\">\u00a0<\/div><h4 id=\"h-comment-contr-ler-les-pr-f-rences-en-mati-re-de-cookies\">Comment contr\u00f4ler les pr\u00e9f\u00e9rences en mati\u00e8re de cookies ?<\/h4><p>A l&rsquo;arriv\u00e9e sur le site, un <strong><em>popup<\/em> <\/strong>vous invite \u00e0 param\u00e9trer ou accepter les cookies.\u00a0Vous pouvez g\u00e9rer vos pr\u00e9f\u00e9rences en mati\u00e8re de cookies en cliquant sur le bouton \u00ab\u00a0<strong>Param\u00e9trage<\/strong>\u00a0\u00bb et en activant ou d\u00e9sactivant les cat\u00e9gories de cookies\u00a0 selon vos pr\u00e9f\u00e9rences.<\/p><p>Pour <strong>modifier vos pr\u00e9f\u00e9rences<\/strong> plus tard au cours de votre navigation, vous pouvez cliquer sur le lien \u00ab\u00a0<strong>Mentions l\u00e9gales<\/strong>\u00a0\u00bb en pied de chaque page, et acc\u00e9der ici. Cliquez ensuite sur le bouton \u00ab\u00a0<strong>param\u00e9trer<\/strong>\u00a0\u00bb ci-dessous. L&rsquo;avis de consentement s&rsquo;affichera \u00e0 nouveau, vous permettant de modifier vos pr\u00e9f\u00e9rences ou de retirer votre consentement.<br \/>[cookie_settings]<\/p><p>Votre consentement s&rsquo;applique aux domaines suivants : <b>mathez-onsite-logistics.com<\/b><\/p><p>En outre, les diff\u00e9rents <strong>navigateurs<\/strong> proposent diff\u00e9rentes m\u00e9thodes pour bloquer et supprimer les cookies utilis\u00e9s par les sites web. Modifiez les param\u00e8tres de votre navigateur selon vos pr\u00e9f\u00e9rences. Pour en savoir plus, consultez le site wikipedia.org, <a href=\"http:\/\/allaboutcookies.org\" target=\"_blank\" rel=\"noreferrer noopener\">allaboutcookies.org<\/a>.<\/p><center><a class=\"cky-banner-element\">Param\u00e8tres des cookies<\/a><\/center><\/div>\n\t\t\t\t<\/div>\n\t\t\t\t\t\t\t<div class=\"elementor-accordion-item\">\n\t\t\t\t\t<div id=\"elementor-tab-title-1992\" class=\"elementor-tab-title\" data-tab=\"2\" role=\"button\" aria-controls=\"elementor-tab-content-1992\" aria-expanded=\"false\">\n\t\t\t\t\t\t\t\t\t\t\t\t\t<span class=\"elementor-accordion-icon elementor-accordion-icon-right\" aria-hidden=\"true\">\n\t\t\t\t\t\t\t\t\t\t\t\t\t\t\t<span class=\"elementor-accordion-icon-closed\"><i class=\"fas fa-plus\"><\/i><\/span>\n\t\t\t\t\t\t\t\t<span class=\"elementor-accordion-icon-opened\"><i class=\"fas fa-minus\"><\/i><\/span>\n\t\t\t\t\t\t\t\t\t\t\t\t\t\t<\/span>\n\t\t\t\t\t\t\t\t\t\t\t\t<a class=\"elementor-accordion-title\" tabindex=\"0\">Donn\u00e9es personnelles<\/a>\n\t\t\t\t\t<\/div>\n\t\t\t\t\t<div id=\"elementor-tab-content-1992\" class=\"elementor-tab-content elementor-clearfix\" data-tab=\"2\" role=\"region\" aria-labelledby=\"elementor-tab-title-1992\"><p>Merci d\u2019utiliser nos sites Web et nos services ! Comme vous, nous croyons que l\u2019int\u00e9grit\u00e9 personnelle est importante et <b>nous prenons votre vie priv\u00e9e au s\u00e9rieux<\/b>.\u00a0<\/p><p>Pour vous offrir des services adapt\u00e9s, MATHEZ TRANSPORTS INTERNATIONAUX peut \u00eatre amen\u00e9 \u00e0 vous demander des\u00a0 donn\u00e9es personnelles.<\/p><p>MATHEZ TRANSPORTS INTERNATIONAUX effectue ces <b>traitements de donn\u00e9es personnelles <\/b>conform\u00e9ment au r\u00e8glement g\u00e9n\u00e9ral sur la protection des donn\u00e9es personnelles en Europe\u00a0<b>(RGPD),\u00a0<\/b>et \u00e0 loi fran\u00e7aise relative \u00e0 <b>l\u2019informatique, aux fichiers et aux libert\u00e9s.<\/b><\/p><p>Les donn\u00e9es d&rsquo;\u00e9tat civil, personnelles et professionnelles, d&rsquo;identit\u00e9 et d&rsquo;identification collect\u00e9es sur ce site sont <strong>confidentielles et trait\u00e9es comme telles<\/strong>.<\/p><ul><li>Elles sont destin\u00e9es \u00e0 l\u2019usage de MATHEZ TRANSPORTS INTERNATIONAUX. Nous pouvons \u00eatre amen\u00e9s \u00e0 les partager au sein des <strong>services et filiales du groupe <a href=\"https:\/\/www.mathezfreight.com\/fr\/profil\/mathez\/\">MATHEZ FREIGHT &amp; COMPLIANCE<\/a><\/strong> pour satisfaire votre demande.\u00a0<\/li><li>Les <strong>traitements<\/strong> de donn\u00e9es sont les suivant:<ul><li><strong>Demandes de devis<\/strong>: les donn\u00e9es que vous nous transmettez sont trait\u00e9es \u00e0 des fins commerciales par notre service commercial, et partag\u00e9es avec la cellule web \u00e0 des fins statistiques.\u00a0<\/li><li><strong>Candidatures<\/strong>: les donn\u00e9es que vous nous transmettez sont trait\u00e9es \u00e0 des fins de recrutement par le service RH. Elles sont partag\u00e9es avec les services concern\u00e9s par votre demande, et avec la cellule web \u00e0 des fins statistiques.\u00a0<\/li><li><strong>Autres contacts<\/strong>: les donn\u00e9es que vous nous transmettez sont trait\u00e9es par notre service accueil, partag\u00e9es avec les services pour satisfaire votre demande, et avec\u00a0 la cellule web \u00e0 des fins statistiques.<\/li><li><strong>Google Analytics<\/strong>: Google traite les donn\u00e9es mentionn\u00e9es dans sa politique de confidentialit\u00e9, \u00e0 des fins d\u2019analyse et d\u2019\u00e9tude statistique de l\u2019utilisation de notre site. Les donn\u00e9es sont anonymis\u00e9es des adresses IP.\u00a0<\/li><\/ul><\/li><li>Ces traitements sont <strong>justifi\u00e9s<\/strong> au regard de notre volont\u00e9 et int\u00e9r\u00eat l\u00e9gitime de r\u00e9pondre aux demandes, et d&rsquo;optimiser notre site Internet et notre service au b\u00e9n\u00e9fice des utilisateurs.\u00a0<\/li><li>Les donn\u00e9es sont conserv\u00e9es\u00a0<span style=\"font-weight: bold;\">2 ans maximum, <\/span>13 mois pour Google Analytics.<\/li><\/ul><p>Le <b>responsable du traitement<\/b> est: Mr Fr\u00e9d\u00e9ric MERCIER, Pr\u00e9sident du Directoire de MATHEZ TRANSPORTS INTERNATIONAUX.<\/p><p>Vous disposez d\u2019un <b>droit d\u2019acc\u00e8s, de rectification, de modification et de suppression<\/b> des donn\u00e9es personnelles que vous nous avez communiqu\u00e9es.\u00a0<\/p><p>Vous pouvez \u00e9galement, pour des motifs l\u00e9gitimes, vous <b>opposer au traitement des donn\u00e9es<\/b> vous concernant. Pour ce faire, adressez-vous par mail \u00e0\u00a0<em><span style=\"font-weight: bold;\">rgpd [@] mathez-onsite-logistics.com<\/span>\u00a0ou\u00a0<\/em>envoyez un courrier postal \u00e0 :\u00a0<\/p><p><em>MATHEZ TRANSPORTS INTERNATIONAUX, A\u00e9roport Nice C\u00f4te d&rsquo;Azur, Terminal Cargo, 06200 Nice<\/em>.\u00a0<\/p><\/div>\n\t\t\t\t<\/div>\n\t\t\t\t\t\t\t\t<\/div>\n\t\t\t\t\t\t<\/div>\n\t\t\t\t<\/div>\n\t\t\t\t\t<\/div>\n\t\t<\/div>\n\t\t\t\t\t<\/div>\n\t\t<\/section>\n\t\t\t\t<\/div>\n\t\t","protected":false},"excerpt":{"rendered":"<p>Le site mathez-onsite-logistics.com est \u00e9dit\u00e9 par MATHEZ ONSITE LOGISTICS, une marque de la soci\u00e9t\u00e9 MATHEZ TRANSPORTS INTERNATIONAUX dont le si\u00e8ge social est situ\u00e9 \u00e0 Nice. Cookies La pr\u00e9sente politique en mati\u00e8re de cookies explique ce que sont les cookies, les informations que nous recueillons \u00e0 l\u2019aide des cookies, et comment vous pouvez contr\u00f4ler vos pr\u00e9f\u00e9rences [&hellip;]<\/p>\n","protected":false},"author":6,"featured_media":0,"parent":5432,"menu_order":60,"comment_status":"closed","ping_status":"closed","template":"","meta":{"iawp_total_views":12,"footnotes":""},"class_list":["post-9006","page","type-page","status-publish","hentry"],"yoast_head":"<!-- This site is optimized with the Yoast SEO Premium plugin v27.5 (Yoast SEO v27.5) - https:\/\/yoast.com\/product\/yoast-seo-premium-wordpress\/ -->\n<title>Politique relative aux cookies - MATHEZ ONSITE LOGISTICS<\/title>\n<meta name=\"robots\" content=\"index, follow, max-snippet:-1, max-image-preview:large, max-video-preview:-1\" \/>\n<link rel=\"canonical\" href=\"https:\/\/www.mathez-onsite-logistics.com\/fr\/legal\/cookies\/\" \/>\n<meta property=\"og:locale\" content=\"fr_FR\" \/>\n<meta property=\"og:type\" content=\"article\" \/>\n<meta property=\"og:title\" content=\"Politique relative aux cookies\" \/>\n<meta property=\"og:description\" content=\"Le site mathez-onsite-logistics.com est \u00e9dit\u00e9 par MATHEZ ONSITE LOGISTICS, une marque de la soci\u00e9t\u00e9 MATHEZ TRANSPORTS INTERNATIONAUX dont le si\u00e8ge social est situ\u00e9 \u00e0 Nice. Cookies La pr\u00e9sente politique en mati\u00e8re de cookies explique ce que sont les cookies, les informations que nous recueillons \u00e0 l\u2019aide des cookies, et comment vous pouvez contr\u00f4ler vos pr\u00e9f\u00e9rences [&hellip;]\" \/>\n<meta property=\"og:url\" content=\"https:\/\/www.mathez-onsite-logistics.com\/fr\/legal\/cookies\/\" \/>\n<meta property=\"og:site_name\" content=\"MATHEZ ONSITE LOGISTICS\" \/>\n<meta property=\"article:publisher\" content=\"https:\/\/www.facebook.com\/MathezFreight\" \/>\n<meta property=\"article:modified_time\" content=\"2024-05-30T13:23:17+00:00\" \/>\n<script type=\"application\/ld+json\" class=\"yoast-schema-graph\">{\"@context\":\"https:\\\/\\\/schema.org\",\"@graph\":[{\"@type\":\"WebPage\",\"@id\":\"https:\\\/\\\/www.mathez-onsite-logistics.com\\\/fr\\\/legal\\\/cookies\\\/\",\"url\":\"https:\\\/\\\/www.mathez-onsite-logistics.com\\\/fr\\\/legal\\\/cookies\\\/\",\"name\":\"Politique relative aux cookies - MATHEZ ONSITE LOGISTICS\",\"isPartOf\":{\"@id\":\"https:\\\/\\\/www.mathez-onsite-logistics.com\\\/fr\\\/#website\"},\"datePublished\":\"2024-04-19T06:59:43+00:00\",\"dateModified\":\"2024-05-30T13:23:17+00:00\",\"breadcrumb\":{\"@id\":\"https:\\\/\\\/www.mathez-onsite-logistics.com\\\/fr\\\/legal\\\/cookies\\\/#breadcrumb\"},\"inLanguage\":\"fr-FR\",\"potentialAction\":[{\"@type\":\"ReadAction\",\"target\":[\"https:\\\/\\\/www.mathez-onsite-logistics.com\\\/fr\\\/legal\\\/cookies\\\/\"]}]},{\"@type\":\"BreadcrumbList\",\"@id\":\"https:\\\/\\\/www.mathez-onsite-logistics.com\\\/fr\\\/legal\\\/cookies\\\/#breadcrumb\",\"itemListElement\":[{\"@type\":\"ListItem\",\"position\":1,\"name\":\"Accueil\",\"item\":\"https:\\\/\\\/www.mathez-onsite-logistics.com\\\/fr\\\/\"},{\"@type\":\"ListItem\",\"position\":2,\"name\":\"Mentions l\u00e9gales\",\"item\":\"https:\\\/\\\/www.mathez-onsite-logistics.com\\\/fr\\\/legal\\\/\"},{\"@type\":\"ListItem\",\"position\":3,\"name\":\"Politique relative aux cookies\"}]},{\"@type\":\"WebSite\",\"@id\":\"https:\\\/\\\/www.mathez-onsite-logistics.com\\\/fr\\\/#website\",\"url\":\"https:\\\/\\\/www.mathez-onsite-logistics.com\\\/fr\\\/\",\"name\":\"MATHEZ ONSITE LOGISTICS\",\"description\":\"French Riviera Exhibitions Specialist\",\"publisher\":{\"@id\":\"https:\\\/\\\/www.mathez-onsite-logistics.com\\\/fr\\\/#organization\"},\"potentialAction\":[{\"@type\":\"SearchAction\",\"target\":{\"@type\":\"EntryPoint\",\"urlTemplate\":\"https:\\\/\\\/www.mathez-onsite-logistics.com\\\/fr\\\/?s={search_term_string}\"},\"query-input\":{\"@type\":\"PropertyValueSpecification\",\"valueRequired\":true,\"valueName\":\"search_term_string\"}}],\"inLanguage\":\"fr-FR\"},{\"@type\":\"Organization\",\"@id\":\"https:\\\/\\\/www.mathez-onsite-logistics.com\\\/fr\\\/#organization\",\"name\":\"MATHEZ ONSITE LOGISTICS\",\"url\":\"https:\\\/\\\/www.mathez-onsite-logistics.com\\\/fr\\\/\",\"logo\":{\"@type\":\"ImageObject\",\"inLanguage\":\"fr-FR\",\"@id\":\"https:\\\/\\\/www.mathez-onsite-logistics.com\\\/fr\\\/#\\\/schema\\\/logo\\\/image\\\/\",\"url\":\"https:\\\/\\\/www.mathez-onsite-logistics.com\\\/wp-content\\\/uploads\\\/logo-mathez-onsite-logistics-nb-e1632174648591.png\",\"contentUrl\":\"https:\\\/\\\/www.mathez-onsite-logistics.com\\\/wp-content\\\/uploads\\\/logo-mathez-onsite-logistics-nb-e1632174648591.png\",\"width\":500,\"height\":155,\"caption\":\"MATHEZ ONSITE LOGISTICS\"},\"image\":{\"@id\":\"https:\\\/\\\/www.mathez-onsite-logistics.com\\\/fr\\\/#\\\/schema\\\/logo\\\/image\\\/\"},\"sameAs\":[\"https:\\\/\\\/www.facebook.com\\\/MathezFreight\",\"https:\\\/\\\/www.linkedin.com\\\/company\\\/mathez-onsite-logistics\\\/\"]}]}<\/script>\n<!-- \/ Yoast SEO Premium plugin. -->","yoast_head_json":{"title":"Politique relative aux cookies - MATHEZ ONSITE LOGISTICS","robots":{"index":"index","follow":"follow","max-snippet":"max-snippet:-1","max-image-preview":"max-image-preview:large","max-video-preview":"max-video-preview:-1"},"canonical":"https:\/\/www.mathez-onsite-logistics.com\/fr\/legal\/cookies\/","og_locale":"fr_FR","og_type":"article","og_title":"Politique relative aux cookies","og_description":"Le site mathez-onsite-logistics.com est \u00e9dit\u00e9 par MATHEZ ONSITE LOGISTICS, une marque de la soci\u00e9t\u00e9 MATHEZ TRANSPORTS INTERNATIONAUX dont le si\u00e8ge social est situ\u00e9 \u00e0 Nice. Cookies La pr\u00e9sente politique en mati\u00e8re de cookies explique ce que sont les cookies, les informations que nous recueillons \u00e0 l\u2019aide des cookies, et comment vous pouvez contr\u00f4ler vos pr\u00e9f\u00e9rences [&hellip;]","og_url":"https:\/\/www.mathez-onsite-logistics.com\/fr\/legal\/cookies\/","og_site_name":"MATHEZ ONSITE LOGISTICS","article_publisher":"https:\/\/www.facebook.com\/MathezFreight","article_modified_time":"2024-05-30T13:23:17+00:00","schema":{"@context":"https:\/\/schema.org","@graph":[{"@type":"WebPage","@id":"https:\/\/www.mathez-onsite-logistics.com\/fr\/legal\/cookies\/","url":"https:\/\/www.mathez-onsite-logistics.com\/fr\/legal\/cookies\/","name":"Politique relative aux cookies - MATHEZ ONSITE LOGISTICS","isPartOf":{"@id":"https:\/\/www.mathez-onsite-logistics.com\/fr\/#website"},"datePublished":"2024-04-19T06:59:43+00:00","dateModified":"2024-05-30T13:23:17+00:00","breadcrumb":{"@id":"https:\/\/www.mathez-onsite-logistics.com\/fr\/legal\/cookies\/#breadcrumb"},"inLanguage":"fr-FR","potentialAction":[{"@type":"ReadAction","target":["https:\/\/www.mathez-onsite-logistics.com\/fr\/legal\/cookies\/"]}]},{"@type":"BreadcrumbList","@id":"https:\/\/www.mathez-onsite-logistics.com\/fr\/legal\/cookies\/#breadcrumb","itemListElement":[{"@type":"ListItem","position":1,"name":"Accueil","item":"https:\/\/www.mathez-onsite-logistics.com\/fr\/"},{"@type":"ListItem","position":2,"name":"Mentions l\u00e9gales","item":"https:\/\/www.mathez-onsite-logistics.com\/fr\/legal\/"},{"@type":"ListItem","position":3,"name":"Politique relative aux cookies"}]},{"@type":"WebSite","@id":"https:\/\/www.mathez-onsite-logistics.com\/fr\/#website","url":"https:\/\/www.mathez-onsite-logistics.com\/fr\/","name":"MATHEZ ONSITE LOGISTICS","description":"French Riviera Exhibitions Specialist","publisher":{"@id":"https:\/\/www.mathez-onsite-logistics.com\/fr\/#organization"},"potentialAction":[{"@type":"SearchAction","target":{"@type":"EntryPoint","urlTemplate":"https:\/\/www.mathez-onsite-logistics.com\/fr\/?s={search_term_string}"},"query-input":{"@type":"PropertyValueSpecification","valueRequired":true,"valueName":"search_term_string"}}],"inLanguage":"fr-FR"},{"@type":"Organization","@id":"https:\/\/www.mathez-onsite-logistics.com\/fr\/#organization","name":"MATHEZ ONSITE LOGISTICS","url":"https:\/\/www.mathez-onsite-logistics.com\/fr\/","logo":{"@type":"ImageObject","inLanguage":"fr-FR","@id":"https:\/\/www.mathez-onsite-logistics.com\/fr\/#\/schema\/logo\/image\/","url":"https:\/\/www.mathez-onsite-logistics.com\/wp-content\/uploads\/logo-mathez-onsite-logistics-nb-e1632174648591.png","contentUrl":"https:\/\/www.mathez-onsite-logistics.com\/wp-content\/uploads\/logo-mathez-onsite-logistics-nb-e1632174648591.png","width":500,"height":155,"caption":"MATHEZ ONSITE LOGISTICS"},"image":{"@id":"https:\/\/www.mathez-onsite-logistics.com\/fr\/#\/schema\/logo\/image\/"},"sameAs":["https:\/\/www.facebook.com\/MathezFreight","https:\/\/www.linkedin.com\/company\/mathez-onsite-logistics\/"]}]}},"_links":{"self":[{"href":"https:\/\/www.mathez-onsite-logistics.com\/fr\/wp-json\/wp\/v2\/pages\/9006","targetHints":{"allow":["GET"]}}],"collection":[{"href":"https:\/\/www.mathez-onsite-logistics.com\/fr\/wp-json\/wp\/v2\/pages"}],"about":[{"href":"https:\/\/www.mathez-onsite-logistics.com\/fr\/wp-json\/wp\/v2\/types\/page"}],"author":[{"embeddable":true,"href":"https:\/\/www.mathez-onsite-logistics.com\/fr\/wp-json\/wp\/v2\/users\/6"}],"replies":[{"embeddable":true,"href":"https:\/\/www.mathez-onsite-logistics.com\/fr\/wp-json\/wp\/v2\/comments?post=9006"}],"version-history":[{"count":8,"href":"https:\/\/www.mathez-onsite-logistics.com\/fr\/wp-json\/wp\/v2\/pages\/9006\/revisions"}],"predecessor-version":[{"id":9015,"href":"https:\/\/www.mathez-onsite-logistics.com\/fr\/wp-json\/wp\/v2\/pages\/9006\/revisions\/9015"}],"up":[{"embeddable":true,"href":"https:\/\/www.mathez-onsite-logistics.com\/fr\/wp-json\/wp\/v2\/pages\/5432"}],"wp:attachment":[{"href":"https:\/\/www.mathez-onsite-logistics.com\/fr\/wp-json\/wp\/v2\/media?parent=9006"}],"curies":[{"name":"wp","href":"https:\/\/api.w.org\/{rel}","templated":true}]}}